{"id":3077,"date":"2021-02-27T11:09:57","date_gmt":"2021-02-27T11:09:57","guid":{"rendered":"https:\/\/przedszkole.spbrzozowka.pl\/?page_id=3077"},"modified":"2026-03-31T16:29:23","modified_gmt":"2026-03-31T16:29:23","slug":"dokumenty-2","status":"publish","type":"page","link":"https:\/\/przedszkole.spbrzozowka.pl\/?page_id=3077","title":{"rendered":"Deklaracja Dost\u0119pno\u015bci"},"content":{"rendered":"\t\t<div data-elementor-type=\"wp-page\" data-elementor-id=\"3077\" class=\"elementor elementor-3077\">\n\t\t\t\t\t\t<section class=\"elementor-section elementor-top-section elementor-element elementor-element-4aaabe97 elementor-section-boxed elementor-section-height-default elementor-section-height-default\" data-id=\"4aaabe97\" data-element_type=\"section\" data-e-type=\"section\">\n\t\t\t\t\t\t<div class=\"elementor-container elementor-column-gap-default\">\n\t\t\t\t\t<div class=\"elementor-column elementor-col-100 elementor-top-column elementor-element elementor-element-a893fcb\" data-id=\"a893fcb\" data-element_type=\"column\" data-e-type=\"column\">\n\t\t\t<div class=\"elementor-widget-wrap elementor-element-populated\">\n\t\t\t\t\t\t<div class=\"elementor-element elementor-element-4869527a elementor-widget elementor-widget-heading\" data-id=\"4869527a\" data-element_type=\"widget\" data-e-type=\"widget\" data-widget_type=\"heading.default\">\n\t\t\t\t<div class=\"elementor-widget-container\">\n\t\t\t\t\t<p class=\"elementor-heading-title elementor-size-default\">Deklaracja Dost\u0119pno\u015bci<\/p>\t\t\t\t<\/div>\n\t\t\t\t<\/div>\n\t\t\t\t\t<\/div>\n\t\t<\/div>\n\t\t\t\t\t<\/div>\n\t\t<\/section>\n\t\t\t\t<section class=\"elementor-section elementor-top-section elementor-element elementor-element-f1265ac elementor-section-boxed elementor-section-height-default elementor-section-height-default\" data-id=\"f1265ac\" data-element_type=\"section\" data-e-type=\"section\">\n\t\t\t\t\t\t<div class=\"elementor-container elementor-column-gap-default\">\n\t\t\t\t\t<div class=\"elementor-column elementor-col-100 elementor-top-column elementor-element elementor-element-b264bf2\" data-id=\"b264bf2\" data-element_type=\"column\" data-e-type=\"column\">\n\t\t\t<div class=\"elementor-widget-wrap elementor-element-populated\">\n\t\t\t\t\t\t<div class=\"elementor-element elementor-element-2a9c4cd elementor-widget elementor-widget-html\" data-id=\"2a9c4cd\" data-element_type=\"widget\" data-e-type=\"widget\" data-widget_type=\"html.default\">\n\t\t\t\t<div class=\"elementor-widget-container\">\n\t\t\t\t\t<h1>Deklaracja dost\u0119pno\u015bci<\/h1> \r\n<section id=\"a11y-wstep\"><p><span id=\"a11y-podmiot\">Zesp\u00f3\u0142 Szk\u00f3\u0142 w Brzoz\u00f3wce<\/span> zobowi\u0105zuje si\u0119 \r\nzapewni\u0107 dost\u0119pno\u015b\u0107 swojej <span id=\"a11y-zakres\">strony internetowej<\/span> zgodnie z ustaw\u0105 z dnia 4 \r\nkwietnia 2019 r. o dost\u0119pno\u015bci cyfrowej stron internetowych i aplikacji mobilnych podmiot\u00f3w publicznych.<\/p> \r\n<p>Deklaracja dost\u0119pno\u015bci dotyczy strony <a href=\"https:\/\/przedszkole.spbrzozowka.pl\/\" id=\"a11y\r\nurl\">https:\/\/przedszkole.spbrzozowka.pl\/<\/a>.<\/p><\/section> \r\n<p>Data publikacji strony internetowej: <time id=\"a11y-data-publikacja\" datetime=\"2011-11\">Listopad 2011 r. \r\n<\/time>Data ostatniej istotnej aktualizacji: <time id=\"a11y-data-aktualizacja\" datetime=\"2026-03-30\">30 marca \r\n2026 r.<\/time><\/p> \r\n<h2> Stan dost\u0119pno\u015bci cyfrowej<\/h2> \r\n<p id=\"a11y-status\">Ta strona internetowa jest cz\u0119\u015bciowo zgodna z za\u0142\u0105cznikiem do ustawy o dost\u0119pno\u015bci \r\ncyfrowej z dnia 4 kwietnia 2019 r. o dost\u0119pno\u015bci cyfrowej stron internetowych i aplikacji mobilnych podmiot\u00f3w \r\npublicznych z powodu niezgodno\u015bci i wy\u0142\u0105cze\u0144 wymienionych poni\u017cej.<\/p> \r\n<h2>Niedost\u0119pne tre\u015bci<\/h2> \r\n<h3>Niezgodno\u015b\u0107 z za\u0142\u0105cznikiem <\/h3> \r\n<ul> \r\n<li><a href=\"https:\/\/przedszkole.spbrzozowka.pl\/\">Na stronie nie zapewniono alternatywy dla tre\u015bci \r\nnietekstowej.<\/a><\/li>  \r\n<li><a href=\"https:\/\/przedszkole.spbrzozowka.pl\/?page_id=1639\">Nie zastosowano odpowiednich znacznik\u00f3w \r\nsemantycznych, aby struktura tre\u015bci by\u0142a jasna i logiczna. <\/a><\/li>  \r\n<li><a href=\"https:\/\/przedszkole.spbrzozowka.pl\/\">Nie spe\u0142niono wymaga\u0144 minimalnego kontrastu pomi\u0119dzy \r\ntekstem a t\u0142em. <\/a><\/li> \r\n<li><a href=\" https:\/\/przedszkole.spbrzozowka.pl\/\">Strona u\u017cywa grafik aby przedstawi\u0107 tekst. <\/a><\/li> \r\n<li>W przypadku automatycznie aktualizowanej tre\u015bci nie zosta\u0142y wdro\u017cone rozwi\u0105zania pozwalaj\u0105ce na pauz\u0119, \r\nzatrzymanie lub ukrywanie. <\/li> \r\n<li><a href=\"https:\/\/przedszkole.spbrzozowka.pl\/?page_id=2983\">Na stronie internetowej nie zawarto celu \r\nlink\u00f3w w kontek\u015bcie. <\/a><\/li>  \r\n<li>Brak mo\u017cliwo\u015bci zlokalizowania, znalezienia podstron za pomoc\u0105 mapy podstron lub wyszukiwarki.<\/li> \r\n<li>Brak widocznego fokusu aktualnie zaznaczonych element\u00f3w.<\/li> \r\n<\/ul> \r\n<h3>Tre\u015bci nieobj\u0119te przepisami<\/h3> \r\n<ul> \r\n<li>Niekt\u00f3re materia\u0142y niedost\u0119pne cyfrowo zosta\u0142y wytworzone przez inne podmioty. Je\u015bli potrzebujesz, \r\nkt\u00f3rego\u015b z nich w formie dost\u0119pnej, skontaktuj si\u0119 z nami i wska\u017c, o kt\u00f3ry dokument chodzi.<\/li> \r\n<\/ul> \r\n<h2>Przygotowanie deklaracji dost\u0119pno\u015bci i jej aktualizacja<\/h2> \r\n<ul> \r\n<li>Data sporz\u0105dzenia deklaracji: <time id=\"a11y-data-sporzadzenie\" datetime=\"2021-02-23\">23 lutego 2021 \r\nroku.<\/time><\/li>  \r\n<li>Data ostatniego przegl\u0105du deklaracji: <time id=\"a11y-dataprzeglad\" datetime=\"2026-03-31\">31 marca 2026 \r\nroku.<\/time><\/li> \r\n<\/ul> \r\n<p>Deklaracj\u0119 sporz\u0105dzili\u015bmy na podstawie badania przeprowadzonego przez CBI24 Sp. z o.o. Wyniki badania \r\nprzedstawia <a href=\" https:\/\/cbi24.pl\/ds\/streszczenie-czg.pdf \">Streszczenie raportu z audytu (95 kb, \r\nPDF)<\/a>.<\/p> \r\n<h2> Informacje zwrotne i dane kontaktowe <\/h2> \r\n<p>Wszystkie problemy z dost\u0119pno\u015bci\u0105 cyfrow\u0105 tej strony internetowej mo\u017cesz zg\u0142osi\u0107 do <span id=\"a11y\r\nkontakt\"> Ewelina Przybylska<\/span> \u2014 mejlowo <a id=\"a11y-email\" href=\"mailto:ewelinka137@wp.pl\"> \r\newelinka137@wp.pl <\/a> lub telefonicznie <a href=\"tel:+48517824969\" id=\"a11y-telefon\"> 517 824 \r\n969<\/a>.<\/p> <p>Ka\u017cdy ma prawo wyst\u0105pi\u0107 z \u017c\u0105daniem zapewnienia dost\u0119pno\u015bci cyfrowej tej strony \r\ninternetowej lub jej element\u00f3w.<\/p> <p>Zg\u0142aszaj\u0105c takie \u017c\u0105danie podaj:<\/p><ul><li>swoje imi\u0119 i nazwisko,<\/li> \r\n<li>swoje dane kontaktowe (np. numer telefonu, e-mail),<\/li> <li>dok\u0142adny adres strony internetowej, na kt\u00f3rej \r\njest niedost\u0119pny cyfrowo element lub tre\u015b\u0107,<\/li> <li>opis na czym polega problem i jaki spos\u00f3b jego rozwi\u0105zania \r\nby\u0142by dla Ciebie najwygodniejszy.<\/li><\/ul><p>Na Twoje zg\u0142oszenie odpowiemy najszybciej jak to mo\u017cliwe, nie \r\np\u00f3\u017aniej ni\u017c w ci\u0105gu 7 dni od jego otrzymania.<\/p> <p>Je\u017celi ten termin b\u0119dzie dla nas zbyt kr\u00f3tki poinformujemy \r\nCi\u0119 o tym. W tej informacji podamy nowy termin, do kt\u00f3rego poprawimy zg\u0142oszone przez Ciebie b\u0142\u0119dy lub \r\nprzygotujemy informacje w alternatywny spos\u00f3b. Ten nowy termin nie b\u0119dzie d\u0142u\u017cszy ni\u017c 2 miesi\u0105ce.<\/p> \r\n<p>Je\u017celi nie b\u0119dziemy w stanie zapewni\u0107 dost\u0119pno\u015bci cyfrowej strony internetowej lub tre\u015bci, wskazanej w \r\nTwoim \u017c\u0105daniu, zaproponujemy Ci dost\u0119p do nich w alternatywny spos\u00f3b.<\/p> \r\n<section id=\"a11y-procedura\"><h3> Obs\u0142uga wniosk\u00f3w i skarg zwi\u0105zanych z dost\u0119pno\u015bci\u0105 <\/h3><p>Je\u017celi w \r\nodpowiedzi na Tw\u00f3j wniosek o zapewnienie dost\u0119pno\u015bci cyfrowej, odm\u00f3wimy zapewnienia \u017c\u0105danej przez \r\nCiebie dost\u0119pno\u015bci cyfrowej, a Ty nie zgadzasz si\u0119 z t\u0105 odmow\u0105, masz prawo z\u0142o\u017cy\u0107 skarg\u0119.<\/p><p>Skarg\u0119 masz \r\nprawo z\u0142o\u017cy\u0107 tak\u017ce, je\u015bli nie zgadzasz si\u0119 na skorzystanie z alternatywnego sposobu dost\u0119pu, kt\u00f3ry  \r\nzaproponowali\u015bmy Ci w odpowiedzi na Tw\u00f3j wniosek o zapewnienie dost\u0119pno\u015bci cyfrowej.<\/p><p>Ewentualn\u0105 \r\nskarg\u0119 z\u0142\u00f3\u017c listownie lub mailem do kierownictwa naszego urz\u0119du:<ul><li> Przedszkole Samorz\u0105dowe im. Kr\u00f3la \r\nMaciusia I w Brzoz\u00f3wce,<\/li><li> ul. Szkolna 38, 87-123 Dobrzejewice,<\/li><li>mejl: <a \r\nhref=\"mailto:sekretariat@spbrzozowka.pl\"> sekretariat@spbrzozowka.pl<\/a>.<\/li><\/ul><a \r\nhref=\"https:\/\/www.gov.pl\/web\/gov\/zloz-wniosek-o-zapewnieniedostepnosci-cyfrowej-strony-internetowej\r\nlub-aplikacji-mobilnej\">Pomocne mog\u0105 by\u0107 informacje, kt\u00f3re mo\u017cna znale\u017a\u0107 na rz\u0105dowym portalu \r\ngov.pl<\/a>.<\/p><p>Mo\u017cesz tak\u017ce poinformowa\u0107 o tej sytuacji <a href=\"https:\/\/bip.brpo.gov.pl\/\"> Rzecznika \r\nPraw Obywatelskich<\/a> i poprosi\u0107 o interwencj\u0119 w Twojej sprawie.<\/p><\/section> \r\n<h2>Pozosta\u0142e informacje<\/h2> \r\n<section id=\"a11y-architektura\"> \r\n<h3>Dost\u0119pno\u015b\u0107 architektoniczna<\/h3> \r\n<h4>Przedszkole Samorz\u0105dowe im. Kr\u00f3la Maciusia I w Brzoz\u00f3wce, ul. Szkolna 38, 87-123 Dobrzejewice<\/h4> \r\n<p>Osoby na w\u00f3zku mog\u0105 wjecha\u0107 do budynku. Brak utrudnie\u0144 architektonicznych przy wej\u015bciu. Przy budynku \r\nwjazd dla os\u00f3b niepe\u0142nosprawnych.<\/p> \r\n<p>Drzwi i \u015bciany szklane nie s\u0105 oznaczone kontrastow\u0105 ta\u015bm\u0105.<\/p> \r\n<p>Brak schod\u00f3w w cz\u0119\u015bci przedszkolnej.<\/p> \r\n<p>Brak windy.<\/p> \r\n<p>Brak toalety dla os\u00f3b z niepe\u0142nosprawno\u015bciami.<\/p> \r\n<p>Jest parking dla os\u00f3b z niepe\u0142nosprawno\u015bciami.<\/p> \r\n<p>Brak tyflomap.<\/p> \r\n<p>Pomieszczenia w budynku nie s\u0105 oznaczone tabliczkami z wypuk\u0142ymi cyframi i alfabetem brajla.<\/p> \r\n<p>Brak d\u017awi\u0119kowego systemu nawigacji dla os\u00f3b niewidomych.<\/p> \r\n<p>Prawo wst\u0119pu z psem asystuj\u0105cym nie zosta\u0142o uregulowane.<\/p>  \r\n<\/section> \r\n<section id=\"a11y-komunikacja\"> \r\n<h3>Dost\u0119pno\u015b\u0107 komunikacyjno-informacyjna<\/h3> \r\n<p>Brak mo\u017cliwo\u015bci skorzystania z t\u0142umacza j\u0119zyka migowego. Jest t\u0142umacz j\u0119zyka migowego online.<\/p> \r\n<p>W budynku nie ma p\u0119tli indukcyjnych.<\/p><\/section>\r\n\t\t\t\t<\/div>\n\t\t\t\t<\/div>\n\t\t\t\t\t<\/div>\n\t\t<\/div>\n\t\t\t\t\t<\/div>\n\t\t<\/section>\n\t\t\t\t<\/div>\n\t\t","protected":false},"excerpt":{"rendered":"<p>Deklaracja Dost\u0119pno\u015bci Deklaracja dost\u0119pno\u015bci Zesp\u00f3\u0142 Szk\u00f3\u0142 w Brzoz\u00f3wce zobowi\u0105zuje si\u0119 zapewni\u0107 dost\u0119pno\u015b\u0107 swojej strony internetowej zgodnie z ustaw\u0105 z dnia 4 kwietnia [&hellip;]<\/p>\n","protected":false},"author":1,"featured_media":0,"parent":0,"menu_order":0,"comment_status":"closed","ping_status":"closed","template":"page-templates\/page_front-page.php","meta":{"footnotes":""},"class_list":["post-3077","page","type-page","status-publish","hentry"],"_links":{"self":[{"href":"https:\/\/przedszkole.spbrzozowka.pl\/index.php?rest_route=\/wp\/v2\/pages\/3077","targetHints":{"allow":["GET"]}}],"collection":[{"href":"https:\/\/przedszkole.spbrzozowka.pl\/index.php?rest_route=\/wp\/v2\/pages"}],"about":[{"href":"https:\/\/przedszkole.spbrzozowka.pl\/index.php?rest_route=\/wp\/v2\/types\/page"}],"author":[{"embeddable":true,"href":"https:\/\/przedszkole.spbrzozowka.pl\/index.php?rest_route=\/wp\/v2\/users\/1"}],"replies":[{"embeddable":true,"href":"https:\/\/przedszkole.spbrzozowka.pl\/index.php?rest_route=%2Fwp%2Fv2%2Fcomments&post=3077"}],"version-history":[{"count":18,"href":"https:\/\/przedszkole.spbrzozowka.pl\/index.php?rest_route=\/wp\/v2\/pages\/3077\/revisions"}],"predecessor-version":[{"id":11755,"href":"https:\/\/przedszkole.spbrzozowka.pl\/index.php?rest_route=\/wp\/v2\/pages\/3077\/revisions\/11755"}],"wp:attachment":[{"href":"https:\/\/przedszkole.spbrzozowka.pl\/index.php?rest_route=%2Fwp%2Fv2%2Fmedia&parent=3077"}],"curies":[{"name":"wp","href":"https:\/\/api.w.org\/{rel}","templated":true}]}}