{"id":3072,"date":"2021-02-27T11:05:26","date_gmt":"2021-02-27T11:05:26","guid":{"rendered":"https:\/\/przedszkole.spbrzozowka.pl\/?page_id=3072"},"modified":"2021-03-25T13:34:49","modified_gmt":"2021-03-25T13:34:49","slug":"dokumenty-rodo","status":"publish","type":"page","link":"https:\/\/przedszkole.spbrzozowka.pl\/?page_id=3072","title":{"rendered":"Dokumenty RODO"},"content":{"rendered":"\t\t<div data-elementor-type=\"wp-page\" data-elementor-id=\"3072\" class=\"elementor elementor-3072\">\n\t\t\t\t\t\t<section class=\"elementor-section elementor-top-section elementor-element elementor-element-4aaabe97 elementor-section-boxed elementor-section-height-default elementor-section-height-default\" data-id=\"4aaabe97\" data-element_type=\"section\" data-e-type=\"section\">\n\t\t\t\t\t\t<div class=\"elementor-container elementor-column-gap-default\">\n\t\t\t\t\t<div class=\"elementor-column elementor-col-100 elementor-top-column elementor-element elementor-element-a893fcb\" data-id=\"a893fcb\" data-element_type=\"column\" data-e-type=\"column\">\n\t\t\t<div class=\"elementor-widget-wrap elementor-element-populated\">\n\t\t\t\t\t\t<div class=\"elementor-element elementor-element-4869527a elementor-widget elementor-widget-heading\" data-id=\"4869527a\" data-element_type=\"widget\" data-e-type=\"widget\" data-widget_type=\"heading.default\">\n\t\t\t\t<div class=\"elementor-widget-container\">\n\t\t\t\t\t<p class=\"elementor-heading-title elementor-size-default\">Dokumenty RODO<\/p>\t\t\t\t<\/div>\n\t\t\t\t<\/div>\n\t\t\t\t\t<\/div>\n\t\t<\/div>\n\t\t\t\t\t<\/div>\n\t\t<\/section>\n\t\t\t\t<section class=\"elementor-section elementor-top-section elementor-element elementor-element-c1c8d9c elementor-section-boxed elementor-section-height-default elementor-section-height-default\" data-id=\"c1c8d9c\" data-element_type=\"section\" data-e-type=\"section\">\n\t\t\t\t\t\t<div class=\"elementor-container elementor-column-gap-default\">\n\t\t\t\t\t<div class=\"elementor-column elementor-col-100 elementor-top-column elementor-element elementor-element-fc88586\" data-id=\"fc88586\" data-element_type=\"column\" data-e-type=\"column\">\n\t\t\t<div class=\"elementor-widget-wrap elementor-element-populated\">\n\t\t\t\t\t\t<div class=\"elementor-element elementor-element-c1ce433 elementor-widget elementor-widget-text-editor\" data-id=\"c1ce433\" data-element_type=\"widget\" data-e-type=\"widget\" data-widget_type=\"text-editor.default\">\n\t\t\t\t<div class=\"elementor-widget-container\">\n\t\t\t\t\t\t\t\t\t<p><span style=\"font-family: Times New Roman, serif;\"><span style=\"font-size: x-large;\"><b>Inspektor Danych Osobowych <\/b><\/span><\/span><\/p><p align=\"center\"><span style=\"font-family: Times New Roman, serif;\"><span style=\"font-size: small;\">Informujemy, \u017ce Inspektorem Ochrony Danych osobowych w Zespole Szk\u00f3\u0142 w Brzoz\u00f3wce jest:<\/span><\/span><\/p><p align=\"center\"><span style=\"font-family: Times New Roman, serif;\"><span style=\"font-size: small;\"><b>Katarzyna Henzler<\/b><\/span><\/span><span style=\"font-family: Times New Roman, serif;\"><span style=\"font-size: medium;\"><br \/><\/span><\/span><span style=\"font-family: Times New Roman, serif;\"><span style=\"font-size: small;\">e-mail:\u00a0inspektor@cbi24.pl<\/span><\/span><\/p><ul><li style=\"text-align: left;\"><h3><span style=\"color: #ff0000;\"><strong><a style=\"color: #ff0000;\" href=\"\/wp-content\/uploads\/2021\/03\/klauzula-przedszkole-nr-1.docx\">klauzula &#8211; przedszkole nr 1<\/a><\/strong><\/span><\/h3><\/li><li style=\"text-align: left;\"><h3><span style=\"color: #ff0000;\"><strong><span style=\"font-family: Times New Roman, serif;\"><span style=\"font-size: small;\">\u00a0<\/span><\/span><span style=\"font-family: Times New Roman, serif;\"><span style=\"font-size: small;\"><a style=\"color: #ff0000;\" href=\"\/wp-content\/uploads\/2021\/03\/klauzula-przedszkole-nr-2.docx\"> klauzula &#8211; przedszkole nr 2<\/a><br \/><\/span><\/span><\/strong><\/span><\/h3><\/li><li><h3><span style=\"color: #ff0000;\"><strong><a style=\"color: #ff0000;\" href=\"\/wp-content\/uploads\/2021\/03\/Klauzula-informacyjna-dla-rodzicow-przedszkole-1-1.docx\">klauzula informacyjna dla rodzic\u00f3w<\/a><\/strong><\/span><\/h3><\/li><\/ul>\t\t\t\t\t\t\t\t<\/div>\n\t\t\t\t<\/div>\n\t\t\t\t\t<\/div>\n\t\t<\/div>\n\t\t\t\t\t<\/div>\n\t\t<\/section>\n\t\t\t\t<section class=\"elementor-section elementor-top-section elementor-element elementor-element-37ddf48 elementor-section-boxed elementor-section-height-default elementor-section-height-default\" data-id=\"37ddf48\" data-element_type=\"section\" data-e-type=\"section\">\n\t\t\t\t\t\t<div class=\"elementor-container elementor-column-gap-default\">\n\t\t\t\t\t<div class=\"elementor-column elementor-col-100 elementor-top-column elementor-element elementor-element-8cf84b6\" data-id=\"8cf84b6\" data-element_type=\"column\" data-e-type=\"column\">\n\t\t\t<div class=\"elementor-widget-wrap elementor-element-populated\">\n\t\t\t\t\t\t<div class=\"elementor-element elementor-element-132b19c elementor-widget elementor-widget-text-editor\" data-id=\"132b19c\" data-element_type=\"widget\" data-e-type=\"widget\" data-widget_type=\"text-editor.default\">\n\t\t\t\t<div class=\"elementor-widget-container\">\n\t\t\t\t\t\t\t\t\t<p><span style=\"font-family: Times New Roman, serif;\"><span style=\"font-size: x-large;\"><b>Inspektor Danych Osobowych <\/b><\/span><\/span><\/p><p align=\"center\"><span style=\"font-family: Times New Roman, serif;\"><span style=\"font-size: small;\">Informujemy, \u017ce Inspektorem Ochrony Danych osobowych w Zespole Szk\u00f3\u0142 w Brzoz\u00f3wce jest:<\/span><\/span><\/p><p align=\"center\"><span style=\"font-family: Times New Roman, serif;\"><span style=\"font-size: small;\"><b>Katarzyna Henzler<\/b><\/span><\/span><span style=\"font-family: Times New Roman, serif;\"><span style=\"font-size: medium;\"><br \/><\/span><\/span><span style=\"font-family: Times New Roman, serif;\"><span style=\"font-size: small;\">e-mail:\u00a0inspektor@cbi24.pl<\/span><\/span><\/p>\t\t\t\t\t\t\t\t<\/div>\n\t\t\t\t<\/div>\n\t\t\t\t\t<\/div>\n\t\t<\/div>\n\t\t\t\t\t<\/div>\n\t\t<\/section>\n\t\t\t\t<section class=\"elementor-section elementor-top-section elementor-element elementor-element-2e18619 elementor-section-boxed elementor-section-height-default elementor-section-height-default\" data-id=\"2e18619\" data-element_type=\"section\" data-e-type=\"section\">\n\t\t\t\t\t\t<div class=\"elementor-container elementor-column-gap-default\">\n\t\t\t\t\t<div class=\"elementor-column elementor-col-100 elementor-top-column elementor-element elementor-element-3d98f08\" data-id=\"3d98f08\" data-element_type=\"column\" data-e-type=\"column\">\n\t\t\t<div class=\"elementor-widget-wrap elementor-element-populated\">\n\t\t\t\t\t\t<div class=\"elementor-element elementor-element-b8f50e9 elementor-widget elementor-widget-text-editor\" data-id=\"b8f50e9\" data-element_type=\"widget\" data-e-type=\"widget\" data-widget_type=\"text-editor.default\">\n\t\t\t\t<div class=\"elementor-widget-container\">\n\t\t\t\t\t\t\t\t\t<p><span style=\"font-family: Times New Roman, serif;\"><span style=\"font-size: x-large;\"><b>Inspektor Danych Osobowych <\/b><\/span><\/span><\/p><p align=\"center\"><span style=\"font-family: Times New Roman, serif;\"><span style=\"font-size: small;\">Informujemy, \u017ce Inspektorem Ochrony Danych osobowych w Zespole Szk\u00f3\u0142 w Brzoz\u00f3wce jest:<\/span><\/span><\/p><p align=\"center\"><span style=\"font-family: Times New Roman, serif;\"><span style=\"font-size: small;\"><b>Katarzyna Henzler<\/b><\/span><\/span><span style=\"font-family: Times New Roman, serif;\"><span style=\"font-size: medium;\"><br \/><\/span><\/span><span style=\"font-family: Times New Roman, serif;\"><span style=\"font-size: small;\">e-mail:\u00a0inspektor@cbi24.pl<\/span><\/span><\/p>\t\t\t\t\t\t\t\t<\/div>\n\t\t\t\t<\/div>\n\t\t\t\t\t<\/div>\n\t\t<\/div>\n\t\t\t\t\t<\/div>\n\t\t<\/section>\n\t\t\t\t<\/div>\n\t\t","protected":false},"excerpt":{"rendered":"<p>Dokumenty RODO Inspektor Danych Osobowych Informujemy, \u017ce Inspektorem Ochrony Danych osobowych w Zespole Szk\u00f3\u0142 w Brzoz\u00f3wce jest: Katarzyna Henzlere-mail:\u00a0inspektor@cbi24.pl klauzula &#8211; przedszkole [&hellip;]<\/p>\n","protected":false},"author":1,"featured_media":0,"parent":0,"menu_order":0,"comment_status":"closed","ping_status":"closed","template":"page-templates\/page_front-page.php","meta":{"footnotes":""},"class_list":["post-3072","page","type-page","status-publish","hentry"],"_links":{"self":[{"href":"https:\/\/przedszkole.spbrzozowka.pl\/index.php?rest_route=\/wp\/v2\/pages\/3072","targetHints":{"allow":["GET"]}}],"collection":[{"href":"https:\/\/przedszkole.spbrzozowka.pl\/index.php?rest_route=\/wp\/v2\/pages"}],"about":[{"href":"https:\/\/przedszkole.spbrzozowka.pl\/index.php?rest_route=\/wp\/v2\/types\/page"}],"author":[{"embeddable":true,"href":"https:\/\/przedszkole.spbrzozowka.pl\/index.php?rest_route=\/wp\/v2\/users\/1"}],"replies":[{"embeddable":true,"href":"https:\/\/przedszkole.spbrzozowka.pl\/index.php?rest_route=%2Fwp%2Fv2%2Fcomments&post=3072"}],"version-history":[{"count":18,"href":"https:\/\/przedszkole.spbrzozowka.pl\/index.php?rest_route=\/wp\/v2\/pages\/3072\/revisions"}],"predecessor-version":[{"id":3234,"href":"https:\/\/przedszkole.spbrzozowka.pl\/index.php?rest_route=\/wp\/v2\/pages\/3072\/revisions\/3234"}],"wp:attachment":[{"href":"https:\/\/przedszkole.spbrzozowka.pl\/index.php?rest_route=%2Fwp%2Fv2%2Fmedia&parent=3072"}],"curies":[{"name":"wp","href":"https:\/\/api.w.org\/{rel}","templated":true}]}}