{"id":2983,"date":"2021-02-23T16:32:12","date_gmt":"2021-02-23T16:32:12","guid":{"rendered":"https:\/\/przedszkole.spbrzozowka.pl\/?page_id=2983"},"modified":"2026-02-23T10:23:26","modified_gmt":"2026-02-23T10:23:26","slug":"dla-kandydata","status":"publish","type":"page","link":"https:\/\/przedszkole.spbrzozowka.pl\/?page_id=2983","title":{"rendered":"Dla kandydata"},"content":{"rendered":"\t\t<div data-elementor-type=\"wp-page\" data-elementor-id=\"2983\" class=\"elementor elementor-2983\">\n\t\t\t\t\t\t<section class=\"elementor-section elementor-top-section elementor-element elementor-element-4aaabe97 elementor-section-boxed elementor-section-height-default elementor-section-height-default\" data-id=\"4aaabe97\" data-element_type=\"section\" data-e-type=\"section\">\n\t\t\t\t\t\t<div class=\"elementor-container elementor-column-gap-default\">\n\t\t\t\t\t<div class=\"elementor-column elementor-col-100 elementor-top-column elementor-element elementor-element-a893fcb\" data-id=\"a893fcb\" data-element_type=\"column\" data-e-type=\"column\">\n\t\t\t<div class=\"elementor-widget-wrap elementor-element-populated\">\n\t\t\t\t\t\t<div class=\"elementor-element elementor-element-4869527a elementor-widget elementor-widget-heading\" data-id=\"4869527a\" data-element_type=\"widget\" data-e-type=\"widget\" data-widget_type=\"heading.default\">\n\t\t\t\t<div class=\"elementor-widget-container\">\n\t\t\t\t\t<p class=\"elementor-heading-title elementor-size-default\">Dla kandydata<\/p>\t\t\t\t<\/div>\n\t\t\t\t<\/div>\n\t\t\t\t\t<\/div>\n\t\t<\/div>\n\t\t\t\t\t<\/div>\n\t\t<\/section>\n\t\t\t\t<section class=\"elementor-section elementor-top-section elementor-element elementor-element-d865bc8 elementor-section-boxed elementor-section-height-default elementor-section-height-default\" data-id=\"d865bc8\" data-element_type=\"section\" data-e-type=\"section\">\n\t\t\t\t\t\t<div class=\"elementor-container elementor-column-gap-default\">\n\t\t\t\t\t<div class=\"elementor-column elementor-col-100 elementor-top-column elementor-element elementor-element-05ad4a7\" data-id=\"05ad4a7\" data-element_type=\"column\" data-e-type=\"column\">\n\t\t\t<div class=\"elementor-widget-wrap elementor-element-populated\">\n\t\t\t\t\t\t<div class=\"elementor-element elementor-element-6cabdf6 elementor-drop-cap-yes elementor-drop-cap-view-default elementor-widget elementor-widget-text-editor\" data-id=\"6cabdf6\" data-element_type=\"widget\" data-e-type=\"widget\" data-settings=\"{&quot;drop_cap&quot;:&quot;yes&quot;}\" data-widget_type=\"text-editor.default\">\n\t\t\t\t<div class=\"elementor-widget-container\">\n\t\t\t\t\t\t\t\t\t<h1 style=\"text-align: center;\"><strong>POST\u0118POWANIE REKRUTACYJNE<\/strong><\/h1><ul><li><h2><a href=\"\/wp-content\/uploads\/2026\/01\/Zarzadzenie.5.2026.2026-01-22.pdf\">Zarz\u0105dzenie nr 5\/2026 W\u00f3jta Gminy Obrowo<\/a><\/h2><\/li><li><h2><a href=\"\/wp-content\/uploads\/2026\/02\/regulamin.pdf\">Regulamin post\u0119powania rekrutacyjnego<\/a><\/h2><\/li><li><h2><a href=\"\/wp-content\/uploads\/2026\/02\/zgloszenie-do-klasy-pierwszej.pdf\">Wniosek o przyj\u0119cie do klasy pierwszej<\/a><\/h2><\/li><li><h2><a href=\"\/wp-content\/uploads\/2026\/02\/wniosek-o-przyjecie-do-klasy-II-VIII.pdf\">Wniosek o przyj\u0119cie do klasy&#8230;<\/a><\/h2><\/li><li><h2><a href=\"\/wp-content\/uploads\/2026\/02\/wniosek-o-przyjecie-do-przedszkola.pdf\">Wniosek o przyj\u0119cie do przedszkola<\/a><\/h2><\/li><li><h2><a href=\"\/wp-content\/uploads\/2026\/02\/deklaracja-o-kontynuowania-wychowania-przedszkolnego.pdf\">Deklaracja o kontunuowaniu wychowania przedszkolnego<\/a><\/h2><\/li><\/ul>\t\t\t\t\t\t\t\t<\/div>\n\t\t\t\t<\/div>\n\t\t\t\t\t<\/div>\n\t\t<\/div>\n\t\t\t\t\t<\/div>\n\t\t<\/section>\n\t\t\t\t<section class=\"elementor-section elementor-top-section elementor-element elementor-element-422d454 elementor-section-boxed elementor-section-height-default elementor-section-height-default\" data-id=\"422d454\" data-element_type=\"section\" data-e-type=\"section\">\n\t\t\t\t\t\t<div class=\"elementor-container elementor-column-gap-default\">\n\t\t\t\t\t<div class=\"elementor-column elementor-col-100 elementor-top-column elementor-element elementor-element-27abf40\" data-id=\"27abf40\" data-element_type=\"column\" data-e-type=\"column\">\n\t\t\t<div class=\"elementor-widget-wrap elementor-element-populated\">\n\t\t\t\t\t\t<div class=\"elementor-element elementor-element-702bc5c elementor-widget elementor-widget-text-editor\" data-id=\"702bc5c\" data-element_type=\"widget\" data-e-type=\"widget\" data-widget_type=\"text-editor.default\">\n\t\t\t\t<div class=\"elementor-widget-container\">\n\t\t\t\t\t\t\t\t\t<h2 style=\"text-align: center;\"><span style=\"color: #000000;\"><strong>KR\u00d3TKA HISTORIA PRZEDSZKOLA SAMORZ\u0104DOWEGO <\/strong><\/span><br><span style=\"color: #000000;\"><strong>IM. KR\u00d3LA MACIUSIA I W BRZOZ\u00d3WCE<\/strong><\/span><\/h2>\n<p><span style=\"color: #000000;\"><strong>Przedszkole Samorz\u0105dowe im. Kr\u00f3la Maciusia I w Brzoz\u00f3wce wraz ze Szko\u0142\u0105 Podstawow\u0105 im. Janusza Korczaka wchodz\u0105 w sk\u0142ad Zespo\u0142u Szk\u00f3\u0142 w Brzoz\u00f3wce. Pocz\u0105tkowo istnia\u0142o jako Przedszkole Samorz\u0105dowe przy Zespole Szk\u00f3\u0142 w Brzoz\u00f3wce i<\/strong><\/span><span style=\"color: #000000;\"><strong>&nbsp;mie\u015bci\u0142o si\u0119 w lokalu przy ulicy Owocowej 2. Od 2015r. plac\u00f3wka mie\u015bci si\u0119 w nowym budynku przy ulicy Owocowej 43b. W listopadzie 2019r. odby\u0142a si\u0119 uroczysto\u015b\u0107, podczas kt\u00f3rej przedszkole otrzyma\u0142o imi\u0119 Kr\u00f3la Maciusia I. Nazwa dla przedszkola zosta\u0142a wybrana podczas g\u0142osowania w\u015br\u00f3d spo\u0142eczno\u015bci lokalnej.<\/strong><\/span><\/p>\n<p><\/p>\n<h2><span style=\"text-decoration: underline;\"><span style=\"color: #000000;\"><strong>NAJWA\u017bNIEJSZE INFORMACJE O PRZEDSZKOLU<\/strong><\/span><\/span><\/h2>\n<p><span style=\"color: #000000;\"><strong>Przedszkole czynne jest od poniedzia\u0142ku do pi\u0105tku <u>w godzinach 6:30 &#8211; 16:30.<\/u><\/strong><\/span><\/p>\n<p><span style=\"color: #000000;\"><strong>Oferujemy zaj\u0119cia edukacyjne i opiek\u0119 dla dzieci <u>od 3 do 6 lat w sze\u015bciu grupach:<\/u><\/strong><\/span><\/p>\n<p><span style=\"color: #000000;\"><strong>Grupa I- ,,Odkrywcy\u201d<\/strong><\/span><\/p>\n<p><span style=\"color: #000000;\"><strong>Grupa II- ,,W\u0119drowcy\u201d<\/strong><\/span><\/p>\n<p><span style=\"color: #000000;\"><strong>Grupa III- ,,Podr\u00f3\u017cnicy\u201d<\/strong><\/span><\/p>\n<p><span style=\"color: #000000;\"><strong>Grupa IV- ,,Badacze\u201d<\/strong><\/span><\/p>\n<p><span style=\"color: #000000;\"><strong>Grupa V- ,,Poszukiwacze\u201d<\/strong><\/span><\/p>\n<p><span style=\"color: #000000;\"><strong>Grupa VI- ,,Tropiciele\u201d<\/strong><\/span><\/p>\n<p><span style=\"color: #000000;\"><strong>Zapewniamy dzieciom <u>3 smaczne i zdrowe posi\u0142ki: \u015bniadanie, obiad i podwieczorek.<\/u> \u015aniadanie oraz podwieczorek przygotowuje przedszkolna kucharka, natomiast obiad jest w formie kateringu &#8211; dowo\u017cony ze Szko\u0142y Podstawowej w Dobrzejewicach. Dzienna stawka \u017cywieniowa za trzy posi\u0142ki wynosi 6z\u0142 dziennie (\u015bniadanie, obiad i podwieczorek), za dwa posi\u0142ki 5z\u0142 (\u015bniadania, obiad).<\/strong><\/span><\/p>\n<p><span style=\"color: #000000;\"><strong>Pi\u0119\u0107 godzin podstawy programowej tj. 7.30-12.30 (dotyczy dzieci do lat 5) jest bezp\u0142atne, kolejne godziny odp\u0142atne 1z\u0142\/h. Dzieci sze\u015bcioletnie maj\u0105 zapewnione bezp\u0142atne <\/strong><\/span><br><span style=\"color: #000000;\"><strong>10-godzinne nauczanie, wychowanie i opiek\u0119. Op\u0142aty za przedszkole rodzice wnosz\u0105 z g\u00f3ry do 15-tego dnia bie\u017c\u0105cego miesi\u0105ca.<\/strong><\/span><\/p>\n<p><span style=\"color: #000000;\"><strong>&nbsp;<\/strong><\/span><\/p>\n<p><span style=\"text-decoration: underline;\"><span style=\"color: #000000;\"><strong>Przedszkole zapewnia dzieciom<\/strong><\/span><\/span><\/p>\n<ul>\n<li><span style=\"color: #000000;\"><strong>Interesuj\u0105ce i r\u00f3\u017cnorodne zaj\u0119cia oraz zabawy edukacyjne.<\/strong><\/span><\/li>\n<li><span style=\"color: #000000;\"><strong>Dobre i solidne przygotowanie do nauki.<\/strong><\/span><\/li>\n<li><span style=\"color: #000000;\"><strong>Rzeteln\u0105 realizacj\u0119 podstawy programowej.<\/strong><\/span><\/li>\n<li><span style=\"color: #000000;\"><strong>Zaj\u0119cia dodatkowe dostosowane do potrzeb dzieci.<\/strong><\/span><\/li>\n<li><span style=\"color: #000000;\"><strong>Zaj\u0119cia z j\u0119zyka angielskiego i religii.<\/strong><\/span><\/li>\n<li><span style=\"color: #000000;\"><strong>Liczne uroczysto\u015bci przedszkolne, dni i \u015bwi\u0119ta nietypowe, tj. Dzie\u0144 Pizzy, Dzie\u0144 Kropki, Dzie\u0144 Dinozaura itp.<\/strong><\/span><\/li>\n<li><span style=\"color: #000000;\"><strong>Wyj\u015bcia i spotkania z ciekawymi lud\u017ami.<\/strong><\/span><\/li>\n<li><span style=\"color: #000000;\"><strong>Udzia\u0142 w konkursach, w przegl\u0105dach artystycznych i uroczysto\u015bciach lokalnych.<\/strong><\/span><\/li>\n<li><span style=\"color: #000000;\"><strong>Smaczne i zdrowe posi\u0142ki.<\/strong><\/span><\/li>\n<\/ul>\n<p><span style=\"text-decoration: underline;\"><span style=\"color: #000000;\"><strong>Przedszkole zapewnia rodzicom:<\/strong><\/span><\/span><\/p>\n<ul>\n<li><span style=\"color: #000000;\"><strong>Mo\u017cliwo\u015b\u0107 wsp\u00f3\u0142decydowania o sprawach przedszkola oraz podejmowania r\u00f3\u017cnorodnych dzia\u0142a\u0144 na rzecz dzieci i plac\u00f3wki.<\/strong><\/span><\/li>\n<li><span style=\"color: #000000;\"><strong>Bie\u017c\u0105c\u0105 wymian\u0119 spostrze\u017ce\u0144 na temat rozwoju dziecka.<\/strong><\/span><\/li>\n<li><span style=\"color: #000000;\"><strong>Zaj\u0119cia otwarte, zabawy integracyjne, spotkania okoliczno\u015bciowe.<\/strong><\/span><\/li>\n<li><span style=\"color: #000000;\"><strong>Zdj\u0119cia z r\u00f3\u017cnych uroczysto\u015bci przedszkolnych.<\/strong><\/span><\/li>\n<li><span style=\"color: #000000;\"><strong>Konsultacje indywidualne z rodzicami dzieci.<\/strong><\/span><\/li>\n<\/ul>\n<p><span style=\"text-decoration: underline;\"><span style=\"color: #000000;\"><strong>Nauczycielki wychowania przedszkolnego wsp\u00f3\u0142pracuj\u0105:<\/strong><\/span><\/span><\/p>\n<ul>\n<li><span style=\"color: #000000;\"><strong>Z rodzicami.<\/strong><\/span><\/li>\n<li><span style=\"color: #000000;\"><strong>Ze \u015brodowiskiem lokalnym.<\/strong><\/span><\/li>\n<li><span style=\"color: #000000;\"><strong>Z pedagogiem, psychologiem, logoped\u0105 oraz terapeutami WWRD, socjoterapeut\u0105, oligofrenopedagogiem, terapeut\u0105 integracji sensorycznej.<\/strong><\/span><\/li>\n<li><span style=\"color: #000000;\"><strong>Z innymi plac\u00f3wkami o\u015bwiaty oraz instytucjami i organizacjami dzia\u0142aj\u0105cymi na rzecz dziecka i rodziny.<\/strong><\/span><\/li>\n<\/ul>\n<p><span style=\"text-decoration: underline;\"><span style=\"color: #000000;\"><strong>Co wyr\u00f3\u017cnia nasze przedszkole:<\/strong><\/span><\/span><\/p>\n<ul>\n<li><span style=\"color: #000000;\"><strong>Prowadzimy zaj\u0119cia wczesnego wspomagania rozwoju dziecka i rewalidacji oraz realizujemy zalecenia zawarte w orzeczeniach o potrzebie kszta\u0142cenia specjalnego, <\/strong><\/span><br><span style=\"color: #000000;\"><strong>w tym dzieci z autyzmem.<\/strong><\/span><\/li>\n<li><span style=\"color: #000000;\"><strong>Posiadamy wysoko wykwalifikowan\u0105 i ci\u0105gle rozwijaj\u0105c\u0105 swoje kompetencje zawodowe kadr\u0119 pedagogiczn\u0105 (nauczyciele wychowania przedszkolnego, logopedzi, oligofrenopedagodzy, terapeuci wwrd i integracji sensorycznej).<\/strong><\/span><\/li>\n<li><span style=\"color: #000000;\"><strong>Zapewniamy opiek\u0119 i wsparcie psychologa, pedagoga i logopedy.<\/strong><\/span><\/li>\n<li><span style=\"color: #000000;\"><strong>Realizujemy program autorski \u201eAktywny logopeda\u201d, kt\u00f3ry wplata zaj\u0119cia kszta\u0142tuj\u0105ce poprawn\u0105 komunikacj\u0119 w rytua\u0142 dnia codziennego.<\/strong><\/span><\/li>\n<li><span style=\"color: #000000;\"><strong>Umo\u017cliwiamy bezstresowy i radosny start dla ka\u017cdego ma\u0142ego przedszkolaka, dzi\u0119ki wdro\u017conemu programowi autorskiemu \u201eW przedszkolu fajnie jest\u201d.<\/strong><\/span><\/li>\n<li><span style=\"color: #000000;\"><strong>Organizujemy biwaki edukacyjne dla wszystkich grup wiekowych.<\/strong><\/span><\/li>\n<li><span style=\"color: #000000;\"><strong>Oferujemy bogat\u0105 gam\u0119 zaj\u0119\u0107 popo\u0142udniowych b\u0119d\u0105cymi autorskimi programami stworzonymi przez naszych nauczycieli: \u201eGram, \u015bpiewam i ta\u0144cz\u0119\u201d, \u201eMoje hobby\u201d, \u201e\u017byj zdrowo\u201d, \u201eOd bajki, ba\u015bni i wiersza w \u015bwiat plastyczny\u201d, \u201eKamishibai &#8211; magiczna skrzynka\u201d, a tak\u017ce edukacj\u0119 z preorientacji zawodowej dla najstarszych grup wiekowych dzi\u0119ki programowi autorskiemu \u201ePoznajemy zawody\u201d.<\/strong><\/span><\/li>\n<li><span style=\"color: #000000;\"><strong>Staramy si\u0119 wzbogaca\u0107 i urozmaica\u0107 ofert\u0119 zaj\u0119\u0107 dodatkowych, st\u0105d w planach mamy zaj\u0119cia z gimnastyki korekcyjnej oraz rytmiki.<\/strong><\/span><\/li>\n<\/ul>\t\t\t\t\t\t\t\t<\/div>\n\t\t\t\t<\/div>\n\t\t\t\t\t<\/div>\n\t\t<\/div>\n\t\t\t\t\t<\/div>\n\t\t<\/section>\n\t\t\t\t<\/div>\n\t\t","protected":false},"excerpt":{"rendered":"<p>Dla kandydata POST\u0118POWANIE REKRUTACYJNE Zarz\u0105dzenie nr 5\/2026 W\u00f3jta Gminy Obrowo Regulamin post\u0119powania rekrutacyjnego Wniosek o przyj\u0119cie do klasy pierwszej Wniosek o przyj\u0119cie [&hellip;]<\/p>\n","protected":false},"author":1,"featured_media":0,"parent":0,"menu_order":0,"comment_status":"closed","ping_status":"closed","template":"page-templates\/page_front-page.php","meta":{"footnotes":""},"class_list":["post-2983","page","type-page","status-publish","hentry"],"_links":{"self":[{"href":"https:\/\/przedszkole.spbrzozowka.pl\/index.php?rest_route=\/wp\/v2\/pages\/2983","targetHints":{"allow":["GET"]}}],"collection":[{"href":"https:\/\/przedszkole.spbrzozowka.pl\/index.php?rest_route=\/wp\/v2\/pages"}],"about":[{"href":"https:\/\/przedszkole.spbrzozowka.pl\/index.php?rest_route=\/wp\/v2\/types\/page"}],"author":[{"embeddable":true,"href":"https:\/\/przedszkole.spbrzozowka.pl\/index.php?rest_route=\/wp\/v2\/users\/1"}],"replies":[{"embeddable":true,"href":"https:\/\/przedszkole.spbrzozowka.pl\/index.php?rest_route=%2Fwp%2Fv2%2Fcomments&post=2983"}],"version-history":[{"count":96,"href":"https:\/\/przedszkole.spbrzozowka.pl\/index.php?rest_route=\/wp\/v2\/pages\/2983\/revisions"}],"predecessor-version":[{"id":11612,"href":"https:\/\/przedszkole.spbrzozowka.pl\/index.php?rest_route=\/wp\/v2\/pages\/2983\/revisions\/11612"}],"wp:attachment":[{"href":"https:\/\/przedszkole.spbrzozowka.pl\/index.php?rest_route=%2Fwp%2Fv2%2Fmedia&parent=2983"}],"curies":[{"name":"wp","href":"https:\/\/api.w.org\/{rel}","templated":true}]}}