{"id":1950,"date":"2020-12-01T20:03:53","date_gmt":"2020-12-01T20:03:53","guid":{"rendered":"https:\/\/przedszkole.spbrzozowka.pl\/?page_id=1950"},"modified":"2021-06-20T10:05:23","modified_gmt":"2021-06-20T10:05:23","slug":"artykuly-dla-rodzicow","status":"publish","type":"page","link":"https:\/\/przedszkole.spbrzozowka.pl\/?page_id=1950","title":{"rendered":"Artyku\u0142y dla rodzic\u00f3w"},"content":{"rendered":"\t\t<div data-elementor-type=\"wp-page\" data-elementor-id=\"1950\" class=\"elementor elementor-1950\">\n\t\t\t\t\t\t<section class=\"elementor-section elementor-top-section elementor-element elementor-element-4aaabe97 elementor-section-boxed elementor-section-height-default elementor-section-height-default\" data-id=\"4aaabe97\" data-element_type=\"section\" data-e-type=\"section\">\n\t\t\t\t\t\t<div class=\"elementor-container elementor-column-gap-default\">\n\t\t\t\t\t<div class=\"elementor-column elementor-col-100 elementor-top-column elementor-element elementor-element-a893fcb\" data-id=\"a893fcb\" data-element_type=\"column\" data-e-type=\"column\">\n\t\t\t<div class=\"elementor-widget-wrap elementor-element-populated\">\n\t\t\t\t\t\t<div class=\"elementor-element elementor-element-4869527a elementor-widget elementor-widget-heading\" data-id=\"4869527a\" data-element_type=\"widget\" data-e-type=\"widget\" data-widget_type=\"heading.default\">\n\t\t\t\t<div class=\"elementor-widget-container\">\n\t\t\t\t\t<p class=\"elementor-heading-title elementor-size-default\">Artyku\u0142y dla rodzic\u00f3w<\/p>\t\t\t\t<\/div>\n\t\t\t\t<\/div>\n\t\t\t\t\t<\/div>\n\t\t<\/div>\n\t\t\t\t\t<\/div>\n\t\t<\/section>\n\t\t\t\t<section class=\"elementor-section elementor-top-section elementor-element elementor-element-c1c8d9c elementor-section-boxed elementor-section-height-default elementor-section-height-default\" data-id=\"c1c8d9c\" data-element_type=\"section\" data-e-type=\"section\">\n\t\t\t\t\t\t<div class=\"elementor-container elementor-column-gap-default\">\n\t\t\t\t\t<div class=\"elementor-column elementor-col-100 elementor-top-column elementor-element elementor-element-fc88586\" data-id=\"fc88586\" data-element_type=\"column\" data-e-type=\"column\">\n\t\t\t<div class=\"elementor-widget-wrap elementor-element-populated\">\n\t\t\t\t\t\t<div class=\"elementor-element elementor-element-c1ce433 elementor-widget elementor-widget-text-editor\" data-id=\"c1ce433\" data-element_type=\"widget\" data-e-type=\"widget\" data-widget_type=\"text-editor.default\">\n\t\t\t\t<div class=\"elementor-widget-container\">\n\t\t\t\t\t\t\t\t\t<ul><li style=\"list-style-type: none;\"><ul><li style=\"text-align: left;\"><strong><a href=\"\/wp-content\/uploads\/2020\/12\/publikacja-rodzice.docx\">Publikacje<\/a><\/strong><\/li><li style=\"text-align: left;\"><a href=\"http:\/\/wp-content\/uploads\/2020\/12\/ulotka-dla-rodzicow-gotowosc-szkolna-dziecka-w-kontekscie-rozwoju-mowy.pdf\" data-wplink-url-error=\"true\"><strong>Gotowo\u015b\u0107 szkolna dziecka w kontek\u015bcie rozwoju mowy<\/strong><\/a><\/li><li style=\"text-align: left;\"><a href=\"\/wp-content\/uploads\/2021\/01\/Sposoby-na-ciekawe-spedzanie-czasu-z-dziecmi-gry-i-zabawy-jezykowe.docx\"><strong>Sposoby na ciekawe sp\u0119dzanie czasu z dzie\u0107mi &#8211; gry i zabawy j\u0119zykowe<\/strong><\/a><\/li><li><strong><a href=\"\/wp-content\/uploads\/2021\/01\/artykul-Sposoby-na-ciekawe-spedzanie-czasu-z-dziecmi.docx\">Sposoby na ciekawe sp\u0119dzanie czasu z dzie\u0107mi<\/a><\/strong><\/li><li><strong><a href=\"\/wp-content\/uploads\/2021\/01\/JAKANIE.docx\">Czy moje dziecko si\u0119 j\u0105ka?<\/a><\/strong><\/li><li><strong><span style=\"color: #ff0000;\">Pozytywna dyscyplina &#8211; <span style=\"text-decoration: underline;\">https:\/\/drive.google.com\/file\/d\/14jtkwD2fIYs1Gs-WB9HhMPOJ1K6qCNXP\/view?usp=sharing<\/span><\/span><\/strong><\/li><li><strong><span style=\"color: #ff0000;\">Zasady dobrej komunikacji &#8211; <span style=\"text-decoration: underline;\">https:\/\/drive.google.com\/file\/d\/1iD7koUj2-gf2k10qa0r44207FluLFSIZ\/view?usp=sharing<\/span><\/span><\/strong><\/li><\/ul><\/li><\/ul>\t\t\t\t\t\t\t\t<\/div>\n\t\t\t\t<\/div>\n\t\t\t\t\t<\/div>\n\t\t<\/div>\n\t\t\t\t\t<\/div>\n\t\t<\/section>\n\t\t\t\t<\/div>\n\t\t","protected":false},"excerpt":{"rendered":"<p>Artyku\u0142y dla rodzic\u00f3w Publikacje Gotowo\u015b\u0107 szkolna dziecka w kontek\u015bcie rozwoju mowy Sposoby na ciekawe sp\u0119dzanie czasu z dzie\u0107mi &#8211; gry i zabawy [&hellip;]<\/p>\n","protected":false},"author":1,"featured_media":0,"parent":0,"menu_order":0,"comment_status":"closed","ping_status":"closed","template":"page-templates\/page_front-page.php","meta":{"footnotes":""},"class_list":["post-1950","page","type-page","status-publish","hentry"],"_links":{"self":[{"href":"https:\/\/przedszkole.spbrzozowka.pl\/index.php?rest_route=\/wp\/v2\/pages\/1950","targetHints":{"allow":["GET"]}}],"collection":[{"href":"https:\/\/przedszkole.spbrzozowka.pl\/index.php?rest_route=\/wp\/v2\/pages"}],"about":[{"href":"https:\/\/przedszkole.spbrzozowka.pl\/index.php?rest_route=\/wp\/v2\/types\/page"}],"author":[{"embeddable":true,"href":"https:\/\/przedszkole.spbrzozowka.pl\/index.php?rest_route=\/wp\/v2\/users\/1"}],"replies":[{"embeddable":true,"href":"https:\/\/przedszkole.spbrzozowka.pl\/index.php?rest_route=%2Fwp%2Fv2%2Fcomments&post=1950"}],"version-history":[{"count":26,"href":"https:\/\/przedszkole.spbrzozowka.pl\/index.php?rest_route=\/wp\/v2\/pages\/1950\/revisions"}],"predecessor-version":[{"id":2609,"href":"https:\/\/przedszkole.spbrzozowka.pl\/index.php?rest_route=\/wp\/v2\/pages\/1950\/revisions\/2609"}],"wp:attachment":[{"href":"https:\/\/przedszkole.spbrzozowka.pl\/index.php?rest_route=%2Fwp%2Fv2%2Fmedia&parent=1950"}],"curies":[{"name":"wp","href":"https:\/\/api.w.org\/{rel}","templated":true}]}}