{"id":1948,"date":"2020-12-01T20:03:29","date_gmt":"2020-12-01T20:03:29","guid":{"rendered":"https:\/\/przedszkole.spbrzozowka.pl\/?page_id=1948"},"modified":"2025-09-13T13:58:01","modified_gmt":"2025-09-13T13:58:01","slug":"dokumenty","status":"publish","type":"page","link":"https:\/\/przedszkole.spbrzozowka.pl\/?page_id=1948","title":{"rendered":"Dokumenty"},"content":{"rendered":"\t\t<div data-elementor-type=\"wp-page\" data-elementor-id=\"1948\" class=\"elementor elementor-1948\">\n\t\t\t\t\t\t<section class=\"elementor-section elementor-top-section elementor-element elementor-element-4aaabe97 elementor-section-boxed elementor-section-height-default elementor-section-height-default\" data-id=\"4aaabe97\" data-element_type=\"section\" data-e-type=\"section\">\n\t\t\t\t\t\t<div class=\"elementor-container elementor-column-gap-default\">\n\t\t\t\t\t<div class=\"elementor-column elementor-col-100 elementor-top-column elementor-element elementor-element-a893fcb\" data-id=\"a893fcb\" data-element_type=\"column\" data-e-type=\"column\">\n\t\t\t<div class=\"elementor-widget-wrap elementor-element-populated\">\n\t\t\t\t\t\t<div class=\"elementor-element elementor-element-4869527a elementor-widget elementor-widget-heading\" data-id=\"4869527a\" data-element_type=\"widget\" data-e-type=\"widget\" data-widget_type=\"heading.default\">\n\t\t\t\t<div class=\"elementor-widget-container\">\n\t\t\t\t\t<p class=\"elementor-heading-title elementor-size-default\">Dokumenty<\/p>\t\t\t\t<\/div>\n\t\t\t\t<\/div>\n\t\t\t\t\t<\/div>\n\t\t<\/div>\n\t\t\t\t\t<\/div>\n\t\t<\/section>\n\t\t\t\t<section class=\"elementor-section elementor-top-section elementor-element elementor-element-366003e elementor-section-boxed elementor-section-height-default elementor-section-height-default\" data-id=\"366003e\" data-element_type=\"section\" data-e-type=\"section\">\n\t\t\t\t\t\t<div class=\"elementor-container elementor-column-gap-default\">\n\t\t\t\t\t<div class=\"elementor-column elementor-col-50 elementor-top-column elementor-element elementor-element-8a050d4\" data-id=\"8a050d4\" data-element_type=\"column\" data-e-type=\"column\">\n\t\t\t<div class=\"elementor-widget-wrap elementor-element-populated\">\n\t\t\t\t\t\t<div class=\"elementor-element elementor-element-888348d elementor-widget elementor-widget-heading\" data-id=\"888348d\" data-element_type=\"widget\" data-e-type=\"widget\" data-widget_type=\"heading.default\">\n\t\t\t\t<div class=\"elementor-widget-container\">\n\t\t\t\t\t<h2 class=\"elementor-heading-title elementor-size-default\">DOKUMENTY<\/h2>\t\t\t\t<\/div>\n\t\t\t\t<\/div>\n\t\t\t\t<div class=\"elementor-element elementor-element-05febb2 elementor-widget elementor-widget-text-editor\" data-id=\"05febb2\" data-element_type=\"widget\" data-e-type=\"widget\" data-widget_type=\"text-editor.default\">\n\t\t\t\t<div class=\"elementor-widget-container\">\n\t\t\t\t\t\t\t\t\t<ol><li><span style=\"color: #0000ff;\"><a style=\"color: #0000ff;\" href=\"\/wp-content\/uploads\/2025\/09\/Kalendarz-imprez-i-uroczystosci-2025-2026-1.docx\">Kalendarz imprez i uroczysto\u015bci<\/a><\/span><\/li><li><span style=\"color: #0000ff;\"><a style=\"color: #0000ff;\" href=\"https:\/\/przedszkole.spbrzozowka.pl\/wp-content\/uploads\/2021\/01\/nauczanie-zdalne-procedury.docx\">Nauczanie zdalne &#8211; procedury<\/a><\/span><\/li><li><span style=\"color: #0000ff;\"><a style=\"color: #0000ff;\" href=\"\/wp-content\/uploads\/2025\/09\/regulamin-POSILKI-1.docx\">Posi\u0142ki &#8211; procedury<\/a><\/span><\/li><li><span style=\"color: #0000ff;\"><a style=\"color: #0000ff;\" href=\"https:\/\/przedszkole.spbrzozowka.pl\/wp-content\/uploads\/2021\/02\/wewnetrzne-procedury-bezpieczenstwa-i-higieny-zajec-dydaktyczno-opiekunczych.docx\">Wewn\u0119trzne procedury bezpiecze\u0144stwa i higieny zaj\u0119\u0107 dydaktyczno-opieku\u0144czych<\/a><\/span><\/li><li><span style=\"color: #0000ff;\"><a style=\"color: #0000ff;\" href=\"\/wp-content\/uploads\/2025\/09\/statut-przedszkole-najnowszy.docx\">Statut przedszkola<\/a><\/span><\/li><li><span style=\"color: #0000ff;\"><a style=\"color: #0000ff;\" href=\"https:\/\/przedszkole.spbrzozowka.pl\/wp-content\/uploads\/2021\/01\/WSZY-PROCEDURA.docx\">Wszy &#8211; procedura<\/a><\/span><span style=\"color: #0000ff;\"><br \/><\/span><\/li><li><span style=\"color: #0000ff;\"><a style=\"color: #0000ff;\" href=\"\/wp-content\/uploads\/2022\/04\/Wewnetrzne-procedury.docx\">Wewn\u0119trzne procedury bezpiecze\u0144stwa i higieny nauki dydaktyczno-opieku\u0144czej<\/a><\/span><\/li><li><span style=\"color: #0000ff;\"><a style=\"color: #0000ff;\" href=\"\/wp-content\/uploads\/2022\/09\/Uchwala-Nr-XXXV_327_2022-Rady-Gminy-Obrowo-z-dnia-10-sierpnia-2022-r..pdf\">Uchwa\u0142a Rady Gminy Obrowo z dnia 10 sierpnia 2022r.<\/a><\/span><\/li><li><span style=\"color: #0000ff;\"><a style=\"color: #0000ff;\" href=\"\/wp-content\/uploads\/2022\/09\/ZARZADZENIE-NR-3-3.docx\">Zarz\u0105dzenie nr 3\/2022\/2023 Dyrektora Zespo\u0142u Szk\u00f3\u0142 w Brzoz\u00f3wce z dnia 30 sierpnia 2022r.<\/a><\/span><\/li><li><a href=\"\/wp-content\/uploads\/2024\/07\/STANDARDY-OCHRONY-MALOLETNICH-PRZEDSZKOLE-2.pdf\">Standardy ochrony ma\u0142oletnich<\/a><\/li><li><a href=\"\/wp-content\/uploads\/2025\/09\/procedura-dziecko-przewlekle-chore-najnowsza-1.docx\">Dziecko przewlekle chore &#8211; procedury<\/a><\/li><li><a href=\"\/wp-content\/uploads\/2025\/09\/REGULAMIN-KORZYSTANIA-Z-PLACU-ZABAW.doc\">Regulamin korzystania z placu zabaw<\/a><\/li><li><a href=\"\/wp-content\/uploads\/2025\/09\/REGULAMIN-PRZYPROWADZANIA-I-ODBIERANIA-DZIECI.docx\">Regulamin przyprowadzania oraz odbierania dzieci<\/a><\/li><li><a href=\"\/wp-content\/uploads\/2025\/09\/regulamin-wycieczek.doc\">Regulamin wycieczek<\/a><\/li><li><a href=\"\/wp-content\/uploads\/2025\/09\/PROCEDURY_POSTEPOWANIA_W_SYTUACJI_ZAISTNIENIA_WYPADKU_PODCZAS_WYCIECZKI_2.pdf\">Procedura post\u0119powania w sytuacji zaistnienia wypadku podczas wycieczki<\/a><\/li><\/ol>\t\t\t\t\t\t\t\t<\/div>\n\t\t\t\t<\/div>\n\t\t\t\t\t<\/div>\n\t\t<\/div>\n\t\t\t\t<div class=\"elementor-column elementor-col-50 elementor-top-column elementor-element elementor-element-693299a\" data-id=\"693299a\" data-element_type=\"column\" data-e-type=\"column\">\n\t\t\t<div class=\"elementor-widget-wrap elementor-element-populated\">\n\t\t\t\t\t\t<div class=\"elementor-element elementor-element-1d344df elementor-widget elementor-widget-heading\" data-id=\"1d344df\" data-element_type=\"widget\" data-e-type=\"widget\" data-widget_type=\"heading.default\">\n\t\t\t\t<div class=\"elementor-widget-container\">\n\t\t\t\t\t<h2 class=\"elementor-heading-title elementor-size-default\">DY\u017bUR WAKACYJNY<\/h2>\t\t\t\t<\/div>\n\t\t\t\t<\/div>\n\t\t\t\t<div class=\"elementor-element elementor-element-1145da1 elementor-widget elementor-widget-text-editor\" data-id=\"1145da1\" data-element_type=\"widget\" data-e-type=\"widget\" data-widget_type=\"text-editor.default\">\n\t\t\t\t<div class=\"elementor-widget-container\">\n\t\t\t\t\t\t\t\t\t<ol><li><a href=\"\/wp-content\/uploads\/2025\/02\/Zarzadzenie-nr-132.2024-z-dnia-3-grudnia-2024-r.-w-sprawie-zasad-organizacji-dyzuru-wakacyjnego-dla-oddzialow-przedszkolnych-i-przedszkoli-prowadzonych-przez-gmine-Obrowo.pdf\"><strong>Zarz\u0105dzenie nr 132_2024 W\u00f3jta Gminy Obrowo<\/strong><\/a><\/li><li><a href=\"\/wp-content\/uploads\/2025\/02\/Zalacznik-nr-1-do-Oswiadczenia-do-odbioru-dziecka.pdf\"><strong>O\u015bwiadczenie do odbioru dziecka<\/strong><\/a><\/li><li><a href=\"\/wp-content\/uploads\/2025\/02\/Zalacznik-nr-1.pdf\"><strong>Za\u0142\u0105cznik nr 1<\/strong><\/a><\/li><li><a href=\"\/wp-content\/uploads\/2025\/02\/Zalacznik-nr-2.pdf\"><strong>Za\u0142\u0105cznik nr 2<\/strong><\/a><\/li><li><a href=\"\/wp-content\/uploads\/2025\/02\/Zalacznik-nr-3.pdf\"><strong>Za\u0142\u0105cznik nr 3<\/strong><\/a><\/li><li><a href=\"\/wp-content\/uploads\/2025\/02\/Zalacznik-nr-4.pdf\"><strong>Za\u0142\u0105cznik nr 4<\/strong><\/a><\/li><\/ol>\t\t\t\t\t\t\t\t<\/div>\n\t\t\t\t<\/div>\n\t\t\t\t\t<\/div>\n\t\t<\/div>\n\t\t\t\t\t<\/div>\n\t\t<\/section>\n\t\t\t\t<\/div>\n\t\t","protected":false},"excerpt":{"rendered":"<p>Dokumenty DOKUMENTY Kalendarz imprez i uroczysto\u015bci Nauczanie zdalne &#8211; procedury Posi\u0142ki &#8211; procedury Wewn\u0119trzne procedury bezpiecze\u0144stwa i higieny zaj\u0119\u0107 dydaktyczno-opieku\u0144czych Statut przedszkola [&hellip;]<\/p>\n","protected":false},"author":1,"featured_media":0,"parent":0,"menu_order":0,"comment_status":"closed","ping_status":"closed","template":"page-templates\/page_front-page.php","meta":{"footnotes":""},"class_list":["post-1948","page","type-page","status-publish","hentry"],"_links":{"self":[{"href":"https:\/\/przedszkole.spbrzozowka.pl\/index.php?rest_route=\/wp\/v2\/pages\/1948","targetHints":{"allow":["GET"]}}],"collection":[{"href":"https:\/\/przedszkole.spbrzozowka.pl\/index.php?rest_route=\/wp\/v2\/pages"}],"about":[{"href":"https:\/\/przedszkole.spbrzozowka.pl\/index.php?rest_route=\/wp\/v2\/types\/page"}],"author":[{"embeddable":true,"href":"https:\/\/przedszkole.spbrzozowka.pl\/index.php?rest_route=\/wp\/v2\/users\/1"}],"replies":[{"embeddable":true,"href":"https:\/\/przedszkole.spbrzozowka.pl\/index.php?rest_route=%2Fwp%2Fv2%2Fcomments&post=1948"}],"version-history":[{"count":74,"href":"https:\/\/przedszkole.spbrzozowka.pl\/index.php?rest_route=\/wp\/v2\/pages\/1948\/revisions"}],"predecessor-version":[{"id":10865,"href":"https:\/\/przedszkole.spbrzozowka.pl\/index.php?rest_route=\/wp\/v2\/pages\/1948\/revisions\/10865"}],"wp:attachment":[{"href":"https:\/\/przedszkole.spbrzozowka.pl\/index.php?rest_route=%2Fwp%2Fv2%2Fmedia&parent=1948"}],"curies":[{"name":"wp","href":"https:\/\/api.w.org\/{rel}","templated":true}]}}