{"id":1946,"date":"2020-12-01T20:03:08","date_gmt":"2020-12-01T20:03:08","guid":{"rendered":"https:\/\/przedszkole.spbrzozowka.pl\/?page_id=1946"},"modified":"2020-12-05T12:29:31","modified_gmt":"2020-12-05T12:29:31","slug":"ramowy-rozklad-dnia","status":"publish","type":"page","link":"https:\/\/przedszkole.spbrzozowka.pl\/?page_id=1946","title":{"rendered":"Ramowy rozk\u0142ad dnia"},"content":{"rendered":"\t\t<div data-elementor-type=\"wp-page\" data-elementor-id=\"1946\" class=\"elementor elementor-1946\">\n\t\t\t\t\t\t<section class=\"elementor-section elementor-top-section elementor-element elementor-element-4aaabe97 elementor-section-boxed elementor-section-height-default elementor-section-height-default\" data-id=\"4aaabe97\" data-element_type=\"section\" data-e-type=\"section\">\n\t\t\t\t\t\t<div class=\"elementor-container elementor-column-gap-default\">\n\t\t\t\t\t<div class=\"elementor-column elementor-col-100 elementor-top-column elementor-element elementor-element-a893fcb\" data-id=\"a893fcb\" data-element_type=\"column\" data-e-type=\"column\">\n\t\t\t<div class=\"elementor-widget-wrap elementor-element-populated\">\n\t\t\t\t\t\t<div class=\"elementor-element elementor-element-4869527a elementor-widget elementor-widget-heading\" data-id=\"4869527a\" data-element_type=\"widget\" data-e-type=\"widget\" data-widget_type=\"heading.default\">\n\t\t\t\t<div class=\"elementor-widget-container\">\n\t\t\t\t\t<p class=\"elementor-heading-title elementor-size-default\">Ramowy rozk\u0142ad dnia<\/p>\t\t\t\t<\/div>\n\t\t\t\t<\/div>\n\t\t\t\t\t<\/div>\n\t\t<\/div>\n\t\t\t\t\t<\/div>\n\t\t<\/section>\n\t\t\t\t<section class=\"elementor-section elementor-top-section elementor-element elementor-element-c1c8d9c elementor-section-boxed elementor-section-height-default elementor-section-height-default\" data-id=\"c1c8d9c\" data-element_type=\"section\" data-e-type=\"section\">\n\t\t\t\t\t\t<div class=\"elementor-container elementor-column-gap-default\">\n\t\t\t\t\t<div class=\"elementor-column elementor-col-100 elementor-top-column elementor-element elementor-element-fc88586\" data-id=\"fc88586\" data-element_type=\"column\" data-e-type=\"column\">\n\t\t\t<div class=\"elementor-widget-wrap elementor-element-populated\">\n\t\t\t\t\t\t<div class=\"elementor-element elementor-element-c1ce433 elementor-widget elementor-widget-text-editor\" data-id=\"c1ce433\" data-element_type=\"widget\" data-e-type=\"widget\" data-widget_type=\"text-editor.default\">\n\t\t\t\t<div class=\"elementor-widget-container\">\n\t\t\t\t\t\t\t\t\t<h1 align=\"center\"><strong>6<sup>30<\/sup>\u00a0\u2013 7<sup>30<\/sup><\/strong><\/h1><ul><li><h2>\u201eRadosny poranek\u201d &#8211; schodzenie si\u0119 dzieci;<\/h2><\/li><li><h2><sup>\u00a0<\/sup>zabawy indywidualne i grupowe w k\u0105cikach zainteresowa\u0144, zabawy integruj\u0105ce dzieci z r\u00f3\u017cnych grup.<\/h2><\/li><\/ul><h1 align=\"center\"><strong>7<sup>30<\/sup>\u00a0\u2013 8<sup>00<\/sup><\/strong><\/h1><ul><li><h2>dalsze schodzenie si\u0119 dzieci;<\/h2><\/li><li><h2>zabawy indywidualne i grupowe;<\/h2><\/li><li><h2>zabawy swobodne w tematycznych k\u0105cikach zainteresowa\u0144;<\/h2><\/li><li><h2>rozmowy okoliczno\u015bciowe i zaplanowane;<\/h2><\/li><li><h2>praca indywidualna z dzie\u0107mi, \u0107wiczenia percepcyjno-motoryczne;<\/h2><\/li><\/ul><h1 align=\"center\"><strong>8<sup>00<\/sup>\u00a0\u2013 8<sup>30<\/sup><\/strong><\/h1><ul><li><h2>zabawy ruchowe, przy muzyce, ze \u015bpiewem, \u0107wiczenia poranne;<\/h2><\/li><\/ul><h1 align=\"center\"><strong>8<sup>30<\/sup>\u00a0\u2013 9<sup>00<\/sup><\/strong><\/h1><ul><li><h2>czynno\u015bci higieniczno &#8211; samoobs\u0142ugowe, przygotowanie do \u015bniadania i\u00a0\u015bniadanie;<\/h2><\/li><\/ul><h1 align=\"center\"><strong>9<sup>00<\/sup><\/strong><strong>\u00a0\u2013 9<sup>30<\/sup><\/strong><\/h1><ul><li><h2>zaj\u0119cia edukacyjne organizowane przez nauczyciela w oparciu o Podstaw\u0119 Programow\u0105 Wychowania Przedszkolnego, wyzwalaj\u0105ce aktywno\u015b\u0107 dzieci w\u00a0r\u00f3\u017cnych sferach rozwoju:<\/h2><\/li><li><h2>zaj\u0119cia i zabawy dydaktyczne,<\/h2><\/li><li><h2>zabawy edukacyjno \u2013 wychowawcze organizowane przez nauczyciela,<\/h2><\/li><li><h2>zaj\u0119cia j\u0119zykowe,<\/h2><\/li><li><h2>kszta\u0142towanie poj\u0119\u0107 matematycznych;<\/h2><\/li><\/ul><h1 align=\"center\"><strong>9<sup>30<\/sup>\u2013 10<sup>00<\/sup><\/strong><\/h1><ul type=\"disc\"><li><h2>zabawy swobodne; praca indywidualna z dzie\u0107mi wymagaj\u0105cymi wsparcia i dzie\u0107mi zdolnymi;<\/h2><\/li><\/ul><h1 align=\"center\"><strong>10<sup>00<\/sup>\u00a0\u2013 10<sup>45<\/sup><\/strong><\/h1><ul><li><h2>zaj\u0119cia edukacyjne organizowane przez nauczyciela, wyzwalaj\u0105ce aktywno\u015b\u0107 dzieci w r\u00f3\u017cnych sferach rozwoju:<\/h2><\/li><li><h2>\u0107wiczenia gimnastyczne,<\/h2><\/li><li><h2>poznawanie \u015bwiata przyrody,<\/h2><\/li><li><h2>zaj\u0119cia plastyczno-techniczne,<\/h2><\/li><li><h2>gry i zabawy ruchowe, muzyczno-ruchowe, ze \u015bpiewem,<\/h2><\/li><li><h2>zaj\u0119cia dodatkowe: j\u0119zyk angielski, religia \u2013 15 min w grupach 3-4-latk\u00f3w, 30 min. w grupach 5-6-latk\u00f3w.<\/h2><\/li><\/ul><h1 align=\"center\"><strong>10<sup>45<\/sup>\u00a0\u2013 11<sup>15<\/sup><\/strong><\/h1><ul><li><h2>czynno\u015bci higieniczno &#8211; samoobs\u0142ugowe, przygotowanie do obiadu i obiad;<\/h2><\/li><\/ul><h1 align=\"center\"><strong>11<sup>15<\/sup>\u00a0\u2013 11<sup>30<\/sup><\/strong><\/h1><ul><li><h2>odpoczynek, relaksacja, g\u0142o\u015bne czytanie bajek przez nauczyciela.<\/h2><\/li><\/ul><h1 align=\"center\"><strong>11<sup>30<\/sup>\u00a0\u2013 12<sup>30<\/sup><\/strong><\/h1><ul><li><h2>pobyt na \u015bwie\u017cym powietrzu, spacery, gry i zabawy inspirowane przez dzieci na przedszkolnym placu zabaw; gry i zabawy swobodne wed\u0142ug indywidualnych zainteresowa\u0144;<\/h2><\/li><\/ul><h1 style=\"text-align: center;\"><strong>12<sup>30<\/sup>\u00a0\u2013 13<sup>30<\/sup><\/strong><\/h1><ul><li><h2>realizacja program\u00f3w autorskich; spontaniczna i tw\u00f3rcza aktywno\u015b\u0107 zabawowa, spacery, gry i zabawy swobodne wed\u0142ug potrzeb dzieci w ogrodzie przedszkolnym;<\/h2><\/li><\/ul><h1 style=\"text-align: center;\"><strong>13<sup>30<\/sup>\u00a0\u2013 14<sup>00<\/sup><\/strong><\/h1><ul><li><h2>czynno\u015bci higieniczno-samoobs\u0142ugowe, podwieczorek;<\/h2><\/li><\/ul><h1 style=\"text-align: center;\"><strong>14<sup>00<\/sup>\u00a0\u2013 16<sup>30<\/sup><\/strong><\/h1><ul><li><h2>zabawy na \u015bwie\u017cym powietrzu, zabawy dowolne w k\u0105cikach zainteresowa\u0144<\/h2><\/li><\/ul>\t\t\t\t\t\t\t\t<\/div>\n\t\t\t\t<\/div>\n\t\t\t\t\t<\/div>\n\t\t<\/div>\n\t\t\t\t\t<\/div>\n\t\t<\/section>\n\t\t\t\t<\/div>\n\t\t","protected":false},"excerpt":{"rendered":"<p>Ramowy rozk\u0142ad dnia 630\u00a0\u2013 730 \u201eRadosny poranek\u201d &#8211; schodzenie si\u0119 dzieci; \u00a0zabawy indywidualne i grupowe w k\u0105cikach zainteresowa\u0144, zabawy integruj\u0105ce dzieci z [&hellip;]<\/p>\n","protected":false},"author":1,"featured_media":0,"parent":0,"menu_order":0,"comment_status":"closed","ping_status":"closed","template":"page-templates\/page_front-page.php","meta":{"footnotes":""},"class_list":["post-1946","page","type-page","status-publish","hentry"],"_links":{"self":[{"href":"https:\/\/przedszkole.spbrzozowka.pl\/index.php?rest_route=\/wp\/v2\/pages\/1946","targetHints":{"allow":["GET"]}}],"collection":[{"href":"https:\/\/przedszkole.spbrzozowka.pl\/index.php?rest_route=\/wp\/v2\/pages"}],"about":[{"href":"https:\/\/przedszkole.spbrzozowka.pl\/index.php?rest_route=\/wp\/v2\/types\/page"}],"author":[{"embeddable":true,"href":"https:\/\/przedszkole.spbrzozowka.pl\/index.php?rest_route=\/wp\/v2\/users\/1"}],"replies":[{"embeddable":true,"href":"https:\/\/przedszkole.spbrzozowka.pl\/index.php?rest_route=%2Fwp%2Fv2%2Fcomments&post=1946"}],"version-history":[{"count":8,"href":"https:\/\/przedszkole.spbrzozowka.pl\/index.php?rest_route=\/wp\/v2\/pages\/1946\/revisions"}],"predecessor-version":[{"id":2057,"href":"https:\/\/przedszkole.spbrzozowka.pl\/index.php?rest_route=\/wp\/v2\/pages\/1946\/revisions\/2057"}],"wp:attachment":[{"href":"https:\/\/przedszkole.spbrzozowka.pl\/index.php?rest_route=%2Fwp%2Fv2%2Fmedia&parent=1946"}],"curies":[{"name":"wp","href":"https:\/\/api.w.org\/{rel}","templated":true}]}}