{"id":1639,"date":"2020-11-21T15:05:29","date_gmt":"2020-11-21T15:05:29","guid":{"rendered":"https:\/\/przedszkole.spbrzozowka.pl\/?page_id=1639"},"modified":"2025-09-12T18:57:56","modified_gmt":"2025-09-12T18:57:56","slug":"o-nas","status":"publish","type":"page","link":"https:\/\/przedszkole.spbrzozowka.pl\/?page_id=1639","title":{"rendered":"O nas"},"content":{"rendered":"\t\t<div data-elementor-type=\"wp-page\" data-elementor-id=\"1639\" class=\"elementor elementor-1639\">\n\t\t\t\t\t\t<section class=\"elementor-section elementor-top-section elementor-element elementor-element-4aaabe97 elementor-section-boxed elementor-section-height-default elementor-section-height-default\" data-id=\"4aaabe97\" data-element_type=\"section\" data-e-type=\"section\">\n\t\t\t\t\t\t<div class=\"elementor-container elementor-column-gap-default\">\n\t\t\t\t\t<div class=\"elementor-column elementor-col-100 elementor-top-column elementor-element elementor-element-a893fcb\" data-id=\"a893fcb\" data-element_type=\"column\" data-e-type=\"column\">\n\t\t\t<div class=\"elementor-widget-wrap elementor-element-populated\">\n\t\t\t\t\t\t<div class=\"elementor-element elementor-element-4869527a elementor-widget elementor-widget-heading\" data-id=\"4869527a\" data-element_type=\"widget\" data-e-type=\"widget\" data-widget_type=\"heading.default\">\n\t\t\t\t<div class=\"elementor-widget-container\">\n\t\t\t\t\t<p class=\"elementor-heading-title elementor-size-default\">O nas<\/p>\t\t\t\t<\/div>\n\t\t\t\t<\/div>\n\t\t\t\t\t<\/div>\n\t\t<\/div>\n\t\t\t\t\t<\/div>\n\t\t<\/section>\n\t\t\t\t<section class=\"elementor-section elementor-top-section elementor-element elementor-element-c1c8d9c elementor-section-boxed elementor-section-height-default elementor-section-height-default\" data-id=\"c1c8d9c\" data-element_type=\"section\" data-e-type=\"section\">\n\t\t\t\t\t\t<div class=\"elementor-container elementor-column-gap-default\">\n\t\t\t\t\t<div class=\"elementor-column elementor-col-100 elementor-top-column elementor-element elementor-element-fc88586\" data-id=\"fc88586\" data-element_type=\"column\" data-e-type=\"column\">\n\t\t\t<div class=\"elementor-widget-wrap elementor-element-populated\">\n\t\t\t\t\t\t<div class=\"elementor-element elementor-element-c1ce433 elementor-widget elementor-widget-text-editor\" data-id=\"c1ce433\" data-element_type=\"widget\" data-e-type=\"widget\" data-widget_type=\"text-editor.default\">\n\t\t\t\t<div class=\"elementor-widget-container\">\n\t\t\t\t\t\t\t\t\t<h2><span style=\"text-decoration: underline; color: #003366;\"><strong>KADRA PEDAGOGICZNA<\/strong><\/span><\/h2><p><strong>Nauczyciele zatrudnieni w przedszkolu to pracownicy z du\u017cym do\u015bwiadczeniem zawodowym. Kadra Pedagogiczna posiada wysokie kwalifikacje o specjalno\u015bci potrzebnej do pracy z dzie\u0107mi w przedszkolu, systematycznie doskonal\u0105ca na specjalistycznych kursach i warsztatach szkoleniowych.<\/strong><\/p><p><strong>Dyrektor: mgr Anna Ko\u017alikowska<\/strong><\/p><p><strong>Wicedyrektor: mgr Anna Wieczerzak<\/strong><\/p><p><strong>Wicedyrektor: mgr Renata Kwiatkowska<\/strong><\/p><p><strong>Pracownicy przedszkola:<\/strong><\/p><p><strong>\u00a0 \u00a0 \u00a0 \u00a0 \u00a0 \u00a0 \u00a0Julia Adamska-Karpi\u0144ska \u2013 grupa Odkrywcy<\/strong><\/p><p><strong>\u00a0 \u00a0 \u00a0 \u00a0 \u00a0 \u00a0 \u00a0Dominika Myszkowska\u2013 grupa W\u0119drowcy<\/strong><\/p><p><strong>\u00a0 \u00a0 \u00a0 \u00a0 \u00a0 \u00a0 Dagmara Janczuk \u2013 grupa Podr\u00f3\u017cnicy<\/strong><\/p><p><strong>\u00a0 \u00a0 \u00a0 \u00a0 \u00a0 \u00a0 Ewelina Przybylska\u2013 grupa Badacze<\/strong><\/p><p><strong>\u00a0 \u00a0 \u00a0 \u00a0 \u00a0 \u00a0 Weronika Szablewska \u2013 grupa Poszukiwacze<\/strong><\/p><p><strong>\u00a0 \u00a0 \u00a0 \u00a0 \u00a0 \u00a0 Weronika Lewandowska \u2013 grupa Tropiciele<\/strong><\/p><p>\u00a0 \u00a0 \u00a0 \u00a0 \u00a0 \u00a0 <strong>Weronika Urba\u0144ska &#8211; grupa Zdobywcy<\/strong><\/p><p><strong>Agnieszka Kuku\u0142a<\/strong><\/p><p><strong>Pracownicy obs\u0142ugi:<\/strong><\/p><ul><li>Marzena Rumi\u0144ska<\/li><li>Anna Badowska<\/li><li>Ewa Werner<\/li><li>Magdalena Ma\u0107kiewicz<\/li><li>Ma\u0142gorzata Wiercioch<\/li><li>Danuta G\u00f3rna<\/li><\/ul><h2><span style=\"text-decoration: underline;\"><span style=\"color: #003366;\"><strong>INFORMACJE O PRZEDSZKOLU<\/strong><\/span><\/span><\/h2><p><strong>Nasza misja<\/strong>: \u201eDzieci rodz\u0105 si\u0119 ze skrzyd\u0142ami. Nauczyciele pomagaj\u0105 im je rozwin\u0105\u0107\u201d<\/p><p><strong>Nasza wizja:<\/strong> \u201eNasze przedszkole zapewnia podmiotowe podej\u015bcie do m\u0142odego cz\u0142owieka. Uwra\u017cliwia dzieci na potrzeby innych ludzi. Uczy tolerancji, odpowiedzialno\u015bci, samodzielno\u015bci i wsp\u00f3\u0142pracy. Wdra\u017ca do kreatywno\u015bci. Przekazuje rzeteln\u0105 wiedz\u0119, kszta\u0142tuje umiej\u0119tno\u015bci w przyjaznej i bezpiecznej atmosferze. Modeluje otwarto\u015b\u0107 i \u017cyczliwo\u015b\u0107\u201d.<\/p><p><strong>\u00a0<\/strong><\/p><p style=\"text-align: center;\"><strong>Pie\u015b\u0144 przedszkola<\/strong> \u201ePiosenka o prawach dziecka\u201d Jerzy Kobyli\u0144ski<\/p><p style=\"text-align: center;\">Mam prawo \u017cy\u0107, mam prawo by\u0107 sob\u0105<\/p><p style=\"text-align: center;\">Czu\u0107 si\u0119 bezpiecznie, woln\u0105 by\u0107 osob\u0105<\/p><p style=\"text-align: center;\">Mam prawo kocha\u0107 i kochanym by\u0107<\/p><p style=\"text-align: center;\">Nie mo\u017cna mnie krzywdzi\u0107, poni\u017ca\u0107 i bi\u0107<\/p><p style=\"text-align: center;\">Mog\u0119 si\u0119 \u015bmia\u0107, mo\u017ce si\u0119 dzia\u0107 pi\u0119knie<\/p><p style=\"text-align: center;\">Pragn\u0119 by\u0107 zdrowy, rosn\u0105\u0107 w swoim tempie<\/p><p style=\"text-align: center;\">Mam prawo wybra\u0107 sam przyjaci\u00f3\u0142 swych<\/p><p style=\"text-align: center;\">Nie mo\u017cna mnie zmusza\u0107 do uczynk\u00f3w z\u0142ych<\/p><p style=\"text-align: center;\">Dziecka, dziecka, prawa, prawa<\/p><p style=\"text-align: center;\">powa\u017cna sprawa, powa\u017cna sprawa<\/p><p style=\"text-align: center;\">Dziecka, dziecka, prawa, prawa<\/p><p style=\"text-align: center;\">To nie zabawa, to nie zabawa<\/p><p style=\"text-align: center;\">Mam prawo \u015bni\u0107, mam prawo by\u0107 inny<\/p><p style=\"text-align: center;\">Mog\u0119 by\u0107 s\u0142abszy, lecz nie czu\u0107 si\u0119 winny<\/p><p style=\"text-align: center;\">Mam prawo \u015bpiewa\u0107 g\u0142o\u015bno, kiedy chc\u0119<\/p><p style=\"text-align: center;\">Mam prawo p\u0142aka\u0107 cicho, gdy mi \u017ale<\/p><p><strong>Nasze mocne strony:<\/strong><\/p><ul><li>mi\u0142a i rodzinna atmosfera<\/li><li>indywidualne podej\u015bcie do ka\u017cdego dziecka<\/li><li>wysoko wykwalifikowana kadra pedagogiczna<\/li><li>bogata oferta zaj\u0119\u0107 popo\u0142udniowych b\u0119d\u0105cych autorskimi programami stworzonymi przez naszych nauczycieli: <strong><strong>Og\u00f3lnopolski projekt edukacyjny z elementami TIK \u201eSuperMoce przedszkolak\u00f3w \u2013 si\u0142a emocji i zdrowia\u201d,\u201eRytmika i gimnastyka ma\u0142ego Odkrywcy \u2013 zaj\u0119cia rytmiczno-ruchowe z elementami gimnastyki korekcyjnej\u201d , \u201ePrzedszkolaki bli\u017cej przyrody\u201d, &#8222;<\/strong><\/strong><strong><em>Zakodowani na nauk\u0119 i dobr\u0105 zabaw\u0119&#8221;,<\/em><em> \u201eOdkrywcy zmys\u0142\u00f3w \u2013 rok z Integracj\u0105 Sensoryczn\u0105\u201d, \u201eWakacje w przedszkolu te\u017c s\u0105 fajne\u201d \u2013 program zaj\u0119\u0107 opieku\u0144czo \u2013 wychowawczych realizowany w okresie wakacyjnych dla dzieci w wieku przedszkolnym, \u201eHave Fun\u201d\u00a0<\/em><em>.<\/em><\/strong><\/li><li>edukacja prozawodowa dla najstarszych grup wiekowych dzi\u0119ki programowi autorskiemu <strong><em>Poznajemy zawody<\/em><\/strong><\/li><li>bezstresowy i radosny start dla ka\u017cdego ma\u0142ego przedszkolaka dzi\u0119ki programom adaptacyjnym <strong><em>W przedszkolu fajnie jest oraz Przedszkolak na medal<\/em><\/strong><\/li><li>opieka i wsparcie psychologa, pedagoga i logopedy, realizacja programu <strong><em>Aktywny logopeda<\/em><\/strong>, kt\u00f3ry pomaga wplata\u0107 zaj\u0119cia kszta\u0142tuj\u0105ce poprawn\u0105 komunikacj\u0119 w rytua\u0142 dnia codziennego oraz realizacja innowacji pedagogicznej: <strong><em>\u201ePoszukujemy lepszych rozwi\u0105za\u0144\u201d<\/em><\/strong><\/li><li>cykliczne imprezy integruj\u0105ce ca\u0142e rodziny i spo\u0142eczno\u015b\u0107 gminn\u0105 m.in. \u201eGminne spotkanie z Miko\u0142aje\u201d, \u201eSpartakiada Przedszkolaka\u201d, bal karnawa\u0142owy, piknik rodzinny<\/li><li>liczne wycieczki, wyjazdy oraz wizyty teatrzyk\u00f3w i \u201e\u017cywe spotkania z muzyk\u0105\u201d<\/li><li>biwaki edukacyjne dla wszystkich grup przedszkolnych<\/li><li>organizowanie wielu konkurs\u00f3w i przegl\u0105d\u00f3w z r\u00f3\u017cnych dziedzin, kt\u00f3re pozwalaj\u0105 dzieciom zaprezentowa\u0107 swoje talenty i zainteresowania.<\/li><\/ul><h2><span style=\"text-decoration: underline;\"><span style=\"color: #003366;\"><strong>POMOC PSYCHOLOGICZNO \u2013 PEDAGOGICZNA<\/strong><\/span><\/span><\/h2><p>Pomoc psychologiczno-pedagogiczna udzielana dzieciom i m\u0142odzie\u017cy w\u00a0przedszkolu, szkole i plac\u00f3wce polega na:<\/p><ul><li>rozpoznawaniu indywidualnych potrzeb rozwojowych i edukacyjnych oraz mo\u017cliwo\u015bci psychofizycznych dzieci i uczni\u00f3w, jak r\u00f3wnie\u017c czynnik\u00f3w \u015brodowiskowych wp\u0142ywaj\u0105cych na ich funkcjonowanie w przedszkolu, szkole i\u00a0plac\u00f3wce,<\/li><li>zaspokajaniu potrzeb rozwojowych i edukacyjnych uczni\u00f3w.<\/li><\/ul><p><strong>SPECJALI\u015aCI:<\/strong><\/p><ul><li>Sylwia Izdebska \u2013 logopeda, neurologopeda<\/li><li>Krystyna Stasiuk \u2013 pedagog<\/li><li>Karolina Szyplik- pedagog specjalny<\/li><li>Ewelina Kraska &#8211; psycholog<\/li><li>Maja Gross \u2013 Rudzi\u0144ska &#8211; oligofrenopedagog<\/li><li>Marta Opyrcha\u0142- nauczyciel wspieraj\u0105cy kszta\u0142cenie<\/li><li>Anna Maciejko- nauczyciel wspieraj\u0105cy kszta\u0142cenie<\/li><\/ul><ol><li><strong>Terapia logopedyczna &#8211; <\/strong>ma na celu usprawnienie funkcji komunikacyjnej poprzez stopniowe korygowanie zak\u0142\u00f3ce\u0144 wyst\u0119puj\u0105cych podczas porozumiewania si\u0119. Terapia poprzedzona jest wywiadem, obserwacj\u0105 oraz przeprowadzeniem specjalistycznych test\u00f3w. Na tej podstawie logopeda stawia diagnoz\u0119 i opracowuje program usprawniania.<\/li><li><strong>Wczesne Wspomaganie Rozwoju Dziecka<\/strong>(WWRD) to\u00a0kompleksowe, intensywne i wielospecjalistyczne dzia\u0142ania\u00a0maj\u0105ce na celu pobudzanie i stymulowanie ruchowego, poznawczego, emocjonalnego i spo\u0142ecznego rozwoju dziecka\u00a0<strong>od chwili wykrycia u niego pierwszych sygna\u0142\u00f3w nieprawid\u0142owego funkcjonowania do czasu podj\u0119cia nauki w szkole<\/strong><strong>.<\/strong><\/li><\/ol><p>Wczesne Wspomaganie Rozwoju Dziecka organizowane jest dla dziecka, kt\u00f3re wymaga wsparcia terapeutycznego i kt\u00f3re posiada Opini\u0119 wydan\u0105 przez poradni\u0119\u00a0 psychologiczno-pedagogiczn\u0105.<\/p><p>WWRD mo\u017ce by\u0107 prowadzone u ka\u017cdego dziecka, u kt\u00f3rego stwierdzona zostanie jaka\u015b niepe\u0142nosprawno\u015b\u0107 lub inne zaburzenie rozwoju. W\u015br\u00f3d zaburze\u0144 rozwojowych, kt\u00f3re s\u0105 wskazaniem dla rozpocz\u0119cia zaj\u0119\u0107 w ramach Wczesnego Wspomagania znajduj\u0105 si\u0119 m.in.:<\/p><ul><li>uszkodzenia wzroku (np. niedowidzenie),<\/li><li>uszkodzenia s\u0142uchu (np. niedos\u0142uch),<\/li><li>znaczne zaburzenia koordynacji ruchowej,<\/li><li>niepe\u0142nosprawno\u015b\u0107 umys\u0142owa,<\/li><li>zaburzenia ze spektrum autyzmu,<\/li><li>op\u00f3\u017anienie rozwoju mowy,<\/li><li>nieprawid\u0142owo\u015bci rozwoju ruchowego,<\/li><li>og\u00f3lne spowolnienie rozwoju\u00a0 \u00a0 \u00a0 \u00a0 \u00a0 \u00a0 \u00a0 \u00a0 \u00a0 \u00a0 \u00a0 \u00a0 \u00a0 \u00a0 \u00a0 \u00a0 \u00a0 \u00a0 \u00a0 \u00a0 \u00a0 \u00a0 \u00a0 \u00a0 \u00a0 \u00a0 \u00a0 \u00a0 \u00a0 \u00a0 \u00a0 \u00a0 \u00a0 \u00a0 \u00a0 \u00a0 \u00a0 \u00a0 \u00a0 \u00a0 \u00a0 \u00a0 \u00a0 \u00a0 \u00a0 \u00a0 \u00a0 \u00a0 \u00a0 \u00a0 \u00a0 \u00a0 \u00a0 \u00a0 \u00a0 \u00a0 \u00a0 \u00a0 \u00a0 \u00a0 \u00a0 \u00a0 \u00a0 \u00a0 \u00a0 \u00a0 \u00a0 \u00a0 \u00a0 \u00a0 \u00a0 \u00a0 \u00a0 \u00a0 \u00a0 \u00a0 \u00a0 \u00a0 \u00a0 \u00a0 \u00a0 \u00a0 \u00a0 \u00a0 \u00a0 \u00a0 \u00a0 \u00a0 \u00a0 \u00a0 \u00a0 \u00a0 \u00a0 \u00a0 \u00a0 \u00a0 \u00a0 \u00a0 \u00a0 \u00a0 \u00a0 \u00a0 \u00a0 \u00a0<strong>3<\/strong>. <strong>Rewalidacja &#8211; <\/strong>celem zaj\u0119\u0107 rewalidacyjnych nie jest wyr\u00f3wnywanie brak\u00f3w \u2013 jego celem jest stawianie na mocne strony dziecka oraz szukanie tego, co w nim najlepsze.<\/li><\/ul><p>\u00a0Kierunki oddzia\u0142ywa\u0144 rewalidacyjnych:<\/p><ul><li>maksymalne usprawnianie, rozwijanie tych wszystkich funkcji psychicznych i fizycznych. Kt\u00f3re s\u0105 najsilniejsze i najmniej zaburzone,<\/li><li>optymalne korygowanie funkcji zaburzonych,<\/li><li>kompensowanie, czyli wyr\u00f3wnywanie przez zast\u0119powanie<\/li><li>dynamizowanie rozwoju<\/li><\/ul><ol start=\"4\"><li><strong> Zaj\u0119cia korekcyjno \u2013 kompensacyjne &#8211; <\/strong>celem zaj\u0119\u0107 jest usprawnienie funkcji zaburzonych analizator\u00f3w, kompensacja brak\u00f3w, \u0107wiczenie pami\u0119ci, koncentracji, doskonalenie umiej\u0119tno\u015bci czytania, pisania, ortografii, wzbudzanie motywacji u uczni\u00f3w oraz stwarzanie okazji do odnoszenia przez nich sukces\u00f3w. Podczas zaj\u0119\u0107 dobierane s\u0105 odpowiednie techniki i metody wp\u0142ywaj\u0105ce po\u015brednio i bezpo\u015brednio na popraw\u0119 osi\u0105gni\u0119\u0107 dydaktycznych, co zdecydowanie wp\u0142ywa na lepsze funkcjonowanie emocjonalne i spo\u0142eczne dziecka.<\/li><li><strong> Zaj\u0119cia rozwijaj\u0105ce kompetencje emocjonalno \u2013spo\u0142eczne &#8211; <\/strong>adresowane s\u0105 dla dzieci, kt\u00f3re z przyczyn rozwojowych, osobowo\u015bciowych, a tak\u017ce \u015brodowiskowych maj\u0105 problemy w zakresie nawi\u0105zywania relacji z r\u00f3wie\u015bnikami i funkcjonowania w ro\u017cnych sytuacjach spo\u0142ecznych, co przek\u0142ada si\u0119 na obraz samego siebie i prawdopodobie\u0144stwo wyst\u0119powania zachowa\u0144 nieakceptowanych spo\u0142ecznie.<\/li><\/ol>\t\t\t\t\t\t\t\t<\/div>\n\t\t\t\t<\/div>\n\t\t\t\t\t<\/div>\n\t\t<\/div>\n\t\t\t\t\t<\/div>\n\t\t<\/section>\n\t\t\t\t<\/div>\n\t\t","protected":false},"excerpt":{"rendered":"<p>O nas KADRA PEDAGOGICZNA Nauczyciele zatrudnieni w przedszkolu to pracownicy z du\u017cym do\u015bwiadczeniem zawodowym. Kadra Pedagogiczna posiada wysokie kwalifikacje o specjalno\u015bci potrzebnej [&hellip;]<\/p>\n","protected":false},"author":1,"featured_media":0,"parent":0,"menu_order":0,"comment_status":"closed","ping_status":"closed","template":"page-templates\/page_front-page.php","meta":{"footnotes":""},"class_list":["post-1639","page","type-page","status-publish","hentry"],"_links":{"self":[{"href":"https:\/\/przedszkole.spbrzozowka.pl\/index.php?rest_route=\/wp\/v2\/pages\/1639","targetHints":{"allow":["GET"]}}],"collection":[{"href":"https:\/\/przedszkole.spbrzozowka.pl\/index.php?rest_route=\/wp\/v2\/pages"}],"about":[{"href":"https:\/\/przedszkole.spbrzozowka.pl\/index.php?rest_route=\/wp\/v2\/types\/page"}],"author":[{"embeddable":true,"href":"https:\/\/przedszkole.spbrzozowka.pl\/index.php?rest_route=\/wp\/v2\/users\/1"}],"replies":[{"embeddable":true,"href":"https:\/\/przedszkole.spbrzozowka.pl\/index.php?rest_route=%2Fwp%2Fv2%2Fcomments&post=1639"}],"version-history":[{"count":57,"href":"https:\/\/przedszkole.spbrzozowka.pl\/index.php?rest_route=\/wp\/v2\/pages\/1639\/revisions"}],"predecessor-version":[{"id":10857,"href":"https:\/\/przedszkole.spbrzozowka.pl\/index.php?rest_route=\/wp\/v2\/pages\/1639\/revisions\/10857"}],"wp:attachment":[{"href":"https:\/\/przedszkole.spbrzozowka.pl\/index.php?rest_route=%2Fwp%2Fv2%2Fmedia&parent=1639"}],"curies":[{"name":"wp","href":"https:\/\/api.w.org\/{rel}","templated":true}]}}